{"id":8272,"date":"2023-04-18T10:58:32","date_gmt":"2023-04-18T08:58:32","guid":{"rendered":"https:\/\/strojarstvo-branilovic.hr\/povecanje-konkurentnosti-strojarstva-branilovic-d-o-o-kroz-ikt\/"},"modified":"2023-10-22T02:33:43","modified_gmt":"2023-10-22T00:33:43","slug":"povecanje-konkurentnosti-strojarstva-branilovic-d-o-o-kroz-ikt","status":"publish","type":"page","link":"https:\/\/strojarstvo-branilovic.hr\/en\/increasing-the-competitiveness-through-ict\/","title":{"rendered":"Increasing the competitiveness of STROJARSTVO BRANILOVI\u0106 d.o.o. through ICT"},"content":{"rendered":"\t\t<div data-elementor-type=\"wp-page\" data-elementor-id=\"8272\" class=\"elementor elementor-8272 elementor-6902\">\n\t\t\t\t\t\t<section class=\"elementor-section elementor-top-section elementor-element elementor-element-f5d897b elementor-section-boxed elementor-section-height-default elementor-section-height-default qodef-elementor-content-no\" data-id=\"f5d897b\" data-element_type=\"section\" data-e-type=\"section\">\n\t\t\t\t\t\t<div class=\"elementor-container elementor-column-gap-default\">\n\t\t\t\t\t<div class=\"elementor-column elementor-col-100 elementor-top-column elementor-element elementor-element-35b1842\" data-id=\"35b1842\" data-element_type=\"column\" data-e-type=\"column\">\n\t\t\t<div class=\"elementor-widget-wrap elementor-element-populated\">\n\t\t\t\t\t\t<div class=\"elementor-element elementor-element-20fe55c elementor-widget elementor-widget-text-editor\" data-id=\"20fe55c\" data-element_type=\"widget\" data-e-type=\"widget\" data-widget_type=\"text-editor.default\">\n\t\t\t\t<div class=\"elementor-widget-container\">\n\t\t\t\t\t\t\t\t\t<p><strong>NAME OF THE PROJECT<br \/><\/strong>&ldquo;Increasing the competitiveness of STROJARSTVO BRANILOVI\u0106 d.o.o. through ICT&rdquo;<br \/>Project code KK.03.2.1.19.0695<\/p>\n<p><strong>BRIEF DESCRIPTION OF THE PROJECT<br \/><\/strong>By realizing of this project, STROJARSTVO BRANILOVI\u0106 d.o.o. will achieve 2 specific goals:&nbsp;<\/p>\n<ol>\n<li>Increase the efficiency and competitiveness of the company by improving business processes through investment in ICT and new employment<\/li>\n<li>Strengthen the company&rsquo;s position on the market for both existing and new target markets.<\/li>\n<\/ol>\n<p>The project included the following activities:<\/p>\n<ol>\n<li>Procurement of software<\/li>\n<li>Procurement of computer and communication equipment<\/li>\n<li>Employee education<\/li>\n<li>Project management<\/li>\n<li>Promotion and visibility<\/li>\n<\/ol>\n<p><strong>OBJECTIVES AND EXPECTED RESULTS OF THE PROJECT<br \/><\/strong>The main objective of implementing the project proposal is to increase efficiency and improve competitiveness through information and communication technology.<\/p>\n<p>The specific goals of the project are:<\/p>\n<ol>\n<li>Creation of technical preconditions for the improvement of the company&rsquo;s business processes<\/li>\n<li>Improvement and optimization of the company&rsquo;s business processes<\/li>\n<li>Enabling the continuation of optimization of the company&rsquo;s business processes<\/li>\n<\/ol>\n<p><strong>THE TOTAL VALUE OF THE PROJECT AND AMOUNT CO-FINANCED BY EU (in HRK)<\/strong><\/p>\n<ul>\n<li>The total value of the project is: HRK 1,630,322.70<\/li>\n<li>The total value of the project (eligible costs) is: HRK 1,286,582.16<\/li>\n<li>The share of the EU in financing the project is: HRK 836,278.40<\/li>\n<\/ul>\n<p><strong>PROJECT IMPLEMENTATION PERIOD<br \/><\/strong>4 November 2019 &ndash; 4 September 2021&nbsp;<\/p>\n<p><strong>CONTACT PERSON:<br \/><\/strong>Lidija Branilovi\u0107-Kova\u010di\u0107<br \/>lidija@strojarstvo-branilovic.hr<\/p>\n<p><strong>The project was co-financed by the European Union from the European Regional Development Fund<br \/><\/strong>The content of the publication\/broadcast material is the sole responsibility of the company&nbsp;<\/p>\n<p>Additional information:<\/p>\n<ul>\n<li><a href=\"https:\/\/www.strukturnifondovi.hr\/\">www.strukturnifondovi.hr<\/a><\/li>\n<li><a href=\"https:\/\/strukturnifondovi.hr\/eu-fondovi\/esi-fondovi-2014-2020\/op-konkurentnost-i-kohezija\/\">https:\/\/strukturnifondovi.hr\/eu-fondovi\/esi-fondovi-2014-2020\/op-konkurentnost-i-kohezija\/<\/a><\/li>\n<\/ul>\t\t\t\t\t\t\t\t<\/div>\n\t\t\t\t<\/div>\n\t\t\t\t<div class=\"elementor-element elementor-element-10f7680 elementor-widget elementor-widget-image\" data-id=\"10f7680\" data-element_type=\"widget\" data-e-type=\"widget\" data-widget_type=\"image.default\">\n\t\t\t\t<div class=\"elementor-widget-container\">\n\t\t\t\t\t\t\t\t\t\t\t\t\t\t\t<img fetchpriority=\"high\" decoding=\"async\" width=\"960\" height=\"200\" src=\"https:\/\/strojarstvo-branilovic.hr\/wp-content\/uploads\/2021\/02\/amblem1-min.png\" class=\"attachment-large size-large wp-image-7937\" alt=\"\" srcset=\"https:\/\/strojarstvo-branilovic.hr\/wp-content\/uploads\/2021\/02\/amblem1-min.png 960w, https:\/\/strojarstvo-branilovic.hr\/wp-content\/uploads\/2021\/02\/amblem1-min-300x63.png 300w, https:\/\/strojarstvo-branilovic.hr\/wp-content\/uploads\/2021\/02\/amblem1-min-768x160.png 768w\" sizes=\"(max-width: 960px) 100vw, 960px\" \/>\t\t\t\t\t\t\t\t\t\t\t\t\t\t\t<\/div>\n\t\t\t\t<\/div>\n\t\t\t\t<div class=\"elementor-element elementor-element-72188a0 elementor-widget elementor-widget-image\" data-id=\"72188a0\" data-element_type=\"widget\" data-e-type=\"widget\" data-widget_type=\"image.default\">\n\t\t\t\t<div class=\"elementor-widget-container\">\n\t\t\t\t\t\t\t\t\t\t\t\t\t\t\t<img decoding=\"async\" width=\"944\" height=\"164\" src=\"https:\/\/strojarstvo-branilovic.hr\/wp-content\/uploads\/2023\/04\/eu-projekt-banner-2.png\" class=\"attachment-large size-large wp-image-8019\" alt=\"\" srcset=\"https:\/\/strojarstvo-branilovic.hr\/wp-content\/uploads\/2023\/04\/eu-projekt-banner-2.png 944w, https:\/\/strojarstvo-branilovic.hr\/wp-content\/uploads\/2023\/04\/eu-projekt-banner-2-300x52.png 300w, https:\/\/strojarstvo-branilovic.hr\/wp-content\/uploads\/2023\/04\/eu-projekt-banner-2-768x133.png 768w\" sizes=\"(max-width: 944px) 100vw, 944px\" \/>\t\t\t\t\t\t\t\t\t\t\t\t\t\t\t<\/div>\n\t\t\t\t<\/div>\n\t\t\t\t\t<\/div>\n\t\t<\/div>\n\t\t\t\t\t<\/div>\n\t\t<\/section>\n\t\t\t\t<\/div>\n\t\t","protected":false},"excerpt":{"rendered":"<p>NAME OF THE PROJECT&ldquo;Increasing the competitiveness of STROJARSTVO BRANILOVI\u0106 d.o.o. through ICT&rdquo;Project code KK.03.2.1.19.0695 BRIEF DESCRIPTION OF THE PROJECTBy realizing of this project, STROJARSTVO BRANILOVI\u0106 d.o.o. will achieve 2 specific goals:&nbsp; Increase the efficiency and competitiveness of the company by improving business processes through investment in ICT and new employment Strengthen the company&rsquo;s position on [&hellip;]<\/p>\n","protected":false},"author":1,"featured_media":0,"parent":0,"menu_order":19,"comment_status":"closed","ping_status":"closed","template":"","meta":{"_acf_changed":false,"footnotes":""},"class_list":["post-8272","page","type-page","status-publish","hentry"],"acf":[],"yoast_head":"<!-- This site is optimized with the Yoast SEO plugin v27.4 - https:\/\/yoast.com\/product\/yoast-seo-wordpress\/ -->\n<title>Increasing the competitiveness of STROJARSTVO BRANILOVI\u0106 d.o.o. through ICT<\/title>\n<meta name=\"robots\" content=\"index, follow, max-snippet:-1, max-image-preview:large, max-video-preview:-1\" \/>\n<link rel=\"canonical\" href=\"https:\/\/strojarstvo-branilovic.hr\/en\/increasing-the-competitiveness-through-ict\/\" \/>\n<meta property=\"og:locale\" content=\"en_US\" \/>\n<meta property=\"og:type\" content=\"article\" \/>\n<meta property=\"og:title\" content=\"Increasing the competitiveness of STROJARSTVO BRANILOVI\u0106 d.o.o. through ICT\" \/>\n<meta property=\"og:description\" content=\"NAME OF THE PROJECT&ldquo;Increasing the competitiveness of STROJARSTVO BRANILOVI\u0106 d.o.o. through ICT&rdquo;Project code KK.03.2.1.19.0695 BRIEF DESCRIPTION OF THE PROJECTBy realizing of this project, STROJARSTVO BRANILOVI\u0106 d.o.o. will achieve 2 specific goals:&nbsp; Increase the efficiency and competitiveness of the company by improving business processes through investment in ICT and new employment Strengthen the company&rsquo;s position on [&hellip;]\" \/>\n<meta property=\"og:url\" content=\"https:\/\/strojarstvo-branilovic.hr\/en\/increasing-the-competitiveness-through-ict\/\" \/>\n<meta property=\"og:site_name\" content=\"Strojarstvo Branilovi\u0107\" \/>\n<meta property=\"article:modified_time\" content=\"2023-10-22T00:33:43+00:00\" \/>\n<meta property=\"og:image\" content=\"https:\/\/strojarstvo-branilovic.hr\/wp-content\/uploads\/2021\/02\/amblem1-min.png\" \/>\n<meta name=\"twitter:card\" content=\"summary_large_image\" \/>\n<script type=\"application\/ld+json\" class=\"yoast-schema-graph\">{\"@context\":\"https:\\\/\\\/schema.org\",\"@graph\":[{\"@type\":\"WebPage\",\"@id\":\"https:\\\/\\\/strojarstvo-branilovic.hr\\\/en\\\/increasing-the-competitiveness-through-ict\\\/\",\"url\":\"https:\\\/\\\/strojarstvo-branilovic.hr\\\/en\\\/increasing-the-competitiveness-through-ict\\\/\",\"name\":\"Increasing the competitiveness of STROJARSTVO BRANILOVI\u0106 d.o.o. through ICT\",\"isPartOf\":{\"@id\":\"https:\\\/\\\/strojarstvo-branilovic.hr\\\/en\\\/#website\"},\"primaryImageOfPage\":{\"@id\":\"https:\\\/\\\/strojarstvo-branilovic.hr\\\/en\\\/increasing-the-competitiveness-through-ict\\\/#primaryimage\"},\"image\":{\"@id\":\"https:\\\/\\\/strojarstvo-branilovic.hr\\\/en\\\/increasing-the-competitiveness-through-ict\\\/#primaryimage\"},\"thumbnailUrl\":\"https:\\\/\\\/strojarstvo-branilovic.hr\\\/wp-content\\\/uploads\\\/2021\\\/02\\\/amblem1-min.png\",\"datePublished\":\"2023-04-18T08:58:32+00:00\",\"dateModified\":\"2023-10-22T00:33:43+00:00\",\"breadcrumb\":{\"@id\":\"https:\\\/\\\/strojarstvo-branilovic.hr\\\/en\\\/increasing-the-competitiveness-through-ict\\\/#breadcrumb\"},\"inLanguage\":\"en-US\",\"potentialAction\":[{\"@type\":\"ReadAction\",\"target\":[\"https:\\\/\\\/strojarstvo-branilovic.hr\\\/en\\\/increasing-the-competitiveness-through-ict\\\/\"]}]},{\"@type\":\"ImageObject\",\"inLanguage\":\"en-US\",\"@id\":\"https:\\\/\\\/strojarstvo-branilovic.hr\\\/en\\\/increasing-the-competitiveness-through-ict\\\/#primaryimage\",\"url\":\"https:\\\/\\\/strojarstvo-branilovic.hr\\\/wp-content\\\/uploads\\\/2021\\\/02\\\/amblem1-min.png\",\"contentUrl\":\"https:\\\/\\\/strojarstvo-branilovic.hr\\\/wp-content\\\/uploads\\\/2021\\\/02\\\/amblem1-min.png\"},{\"@type\":\"BreadcrumbList\",\"@id\":\"https:\\\/\\\/strojarstvo-branilovic.hr\\\/en\\\/increasing-the-competitiveness-through-ict\\\/#breadcrumb\",\"itemListElement\":[{\"@type\":\"ListItem\",\"position\":1,\"name\":\"Po\u010detna stranica\",\"item\":\"https:\\\/\\\/strojarstvo-branilovic.hr\\\/en\\\/\"},{\"@type\":\"ListItem\",\"position\":2,\"name\":\"Increasing the competitiveness of STROJARSTVO BRANILOVI\u0106 d.o.o. through ICT\"}]},{\"@type\":\"WebSite\",\"@id\":\"https:\\\/\\\/strojarstvo-branilovic.hr\\\/en\\\/#website\",\"url\":\"https:\\\/\\\/strojarstvo-branilovic.hr\\\/en\\\/\",\"name\":\"Strojarstvo Branilovi\u0107\",\"description\":\"\",\"publisher\":{\"@id\":\"https:\\\/\\\/strojarstvo-branilovic.hr\\\/en\\\/#organization\"},\"potentialAction\":[{\"@type\":\"SearchAction\",\"target\":{\"@type\":\"EntryPoint\",\"urlTemplate\":\"https:\\\/\\\/strojarstvo-branilovic.hr\\\/en\\\/?s={search_term_string}\"},\"query-input\":{\"@type\":\"PropertyValueSpecification\",\"valueRequired\":true,\"valueName\":\"search_term_string\"}}],\"inLanguage\":\"en-US\"},{\"@type\":\"Organization\",\"@id\":\"https:\\\/\\\/strojarstvo-branilovic.hr\\\/en\\\/#organization\",\"name\":\"Strojarstvo Branilovi\u0107\",\"url\":\"https:\\\/\\\/strojarstvo-branilovic.hr\\\/en\\\/\",\"logo\":{\"@type\":\"ImageObject\",\"inLanguage\":\"en-US\",\"@id\":\"https:\\\/\\\/strojarstvo-branilovic.hr\\\/en\\\/#\\\/schema\\\/logo\\\/image\\\/\",\"url\":\"https:\\\/\\\/strojarstvo-branilovic.hr\\\/wp-content\\\/uploads\\\/2021\\\/12\\\/logo.png\",\"contentUrl\":\"https:\\\/\\\/strojarstvo-branilovic.hr\\\/wp-content\\\/uploads\\\/2021\\\/12\\\/logo.png\",\"width\":558,\"height\":371,\"caption\":\"Strojarstvo Branilovi\u0107\"},\"image\":{\"@id\":\"https:\\\/\\\/strojarstvo-branilovic.hr\\\/en\\\/#\\\/schema\\\/logo\\\/image\\\/\"}}]}<\/script>\n<!-- \/ Yoast SEO plugin. -->","yoast_head_json":{"title":"Increasing the competitiveness of STROJARSTVO BRANILOVI\u0106 d.o.o. through ICT","robots":{"index":"index","follow":"follow","max-snippet":"max-snippet:-1","max-image-preview":"max-image-preview:large","max-video-preview":"max-video-preview:-1"},"canonical":"https:\/\/strojarstvo-branilovic.hr\/en\/increasing-the-competitiveness-through-ict\/","og_locale":"en_US","og_type":"article","og_title":"Increasing the competitiveness of STROJARSTVO BRANILOVI\u0106 d.o.o. through ICT","og_description":"NAME OF THE PROJECT&ldquo;Increasing the competitiveness of STROJARSTVO BRANILOVI\u0106 d.o.o. through ICT&rdquo;Project code KK.03.2.1.19.0695 BRIEF DESCRIPTION OF THE PROJECTBy realizing of this project, STROJARSTVO BRANILOVI\u0106 d.o.o. will achieve 2 specific goals:&nbsp; Increase the efficiency and competitiveness of the company by improving business processes through investment in ICT and new employment Strengthen the company&rsquo;s position on [&hellip;]","og_url":"https:\/\/strojarstvo-branilovic.hr\/en\/increasing-the-competitiveness-through-ict\/","og_site_name":"Strojarstvo Branilovi\u0107","article_modified_time":"2023-10-22T00:33:43+00:00","og_image":[{"url":"https:\/\/strojarstvo-branilovic.hr\/wp-content\/uploads\/2021\/02\/amblem1-min.png","type":"","width":"","height":""}],"twitter_card":"summary_large_image","schema":{"@context":"https:\/\/schema.org","@graph":[{"@type":"WebPage","@id":"https:\/\/strojarstvo-branilovic.hr\/en\/increasing-the-competitiveness-through-ict\/","url":"https:\/\/strojarstvo-branilovic.hr\/en\/increasing-the-competitiveness-through-ict\/","name":"Increasing the competitiveness of STROJARSTVO BRANILOVI\u0106 d.o.o. through ICT","isPartOf":{"@id":"https:\/\/strojarstvo-branilovic.hr\/en\/#website"},"primaryImageOfPage":{"@id":"https:\/\/strojarstvo-branilovic.hr\/en\/increasing-the-competitiveness-through-ict\/#primaryimage"},"image":{"@id":"https:\/\/strojarstvo-branilovic.hr\/en\/increasing-the-competitiveness-through-ict\/#primaryimage"},"thumbnailUrl":"https:\/\/strojarstvo-branilovic.hr\/wp-content\/uploads\/2021\/02\/amblem1-min.png","datePublished":"2023-04-18T08:58:32+00:00","dateModified":"2023-10-22T00:33:43+00:00","breadcrumb":{"@id":"https:\/\/strojarstvo-branilovic.hr\/en\/increasing-the-competitiveness-through-ict\/#breadcrumb"},"inLanguage":"en-US","potentialAction":[{"@type":"ReadAction","target":["https:\/\/strojarstvo-branilovic.hr\/en\/increasing-the-competitiveness-through-ict\/"]}]},{"@type":"ImageObject","inLanguage":"en-US","@id":"https:\/\/strojarstvo-branilovic.hr\/en\/increasing-the-competitiveness-through-ict\/#primaryimage","url":"https:\/\/strojarstvo-branilovic.hr\/wp-content\/uploads\/2021\/02\/amblem1-min.png","contentUrl":"https:\/\/strojarstvo-branilovic.hr\/wp-content\/uploads\/2021\/02\/amblem1-min.png"},{"@type":"BreadcrumbList","@id":"https:\/\/strojarstvo-branilovic.hr\/en\/increasing-the-competitiveness-through-ict\/#breadcrumb","itemListElement":[{"@type":"ListItem","position":1,"name":"Po\u010detna stranica","item":"https:\/\/strojarstvo-branilovic.hr\/en\/"},{"@type":"ListItem","position":2,"name":"Increasing the competitiveness of STROJARSTVO BRANILOVI\u0106 d.o.o. through ICT"}]},{"@type":"WebSite","@id":"https:\/\/strojarstvo-branilovic.hr\/en\/#website","url":"https:\/\/strojarstvo-branilovic.hr\/en\/","name":"Strojarstvo Branilovi\u0107","description":"","publisher":{"@id":"https:\/\/strojarstvo-branilovic.hr\/en\/#organization"},"potentialAction":[{"@type":"SearchAction","target":{"@type":"EntryPoint","urlTemplate":"https:\/\/strojarstvo-branilovic.hr\/en\/?s={search_term_string}"},"query-input":{"@type":"PropertyValueSpecification","valueRequired":true,"valueName":"search_term_string"}}],"inLanguage":"en-US"},{"@type":"Organization","@id":"https:\/\/strojarstvo-branilovic.hr\/en\/#organization","name":"Strojarstvo Branilovi\u0107","url":"https:\/\/strojarstvo-branilovic.hr\/en\/","logo":{"@type":"ImageObject","inLanguage":"en-US","@id":"https:\/\/strojarstvo-branilovic.hr\/en\/#\/schema\/logo\/image\/","url":"https:\/\/strojarstvo-branilovic.hr\/wp-content\/uploads\/2021\/12\/logo.png","contentUrl":"https:\/\/strojarstvo-branilovic.hr\/wp-content\/uploads\/2021\/12\/logo.png","width":558,"height":371,"caption":"Strojarstvo Branilovi\u0107"},"image":{"@id":"https:\/\/strojarstvo-branilovic.hr\/en\/#\/schema\/logo\/image\/"}}]}},"_links":{"self":[{"href":"https:\/\/strojarstvo-branilovic.hr\/en\/wp-json\/wp\/v2\/pages\/8272","targetHints":{"allow":["GET"]}}],"collection":[{"href":"https:\/\/strojarstvo-branilovic.hr\/en\/wp-json\/wp\/v2\/pages"}],"about":[{"href":"https:\/\/strojarstvo-branilovic.hr\/en\/wp-json\/wp\/v2\/types\/page"}],"author":[{"embeddable":true,"href":"https:\/\/strojarstvo-branilovic.hr\/en\/wp-json\/wp\/v2\/users\/1"}],"replies":[{"embeddable":true,"href":"https:\/\/strojarstvo-branilovic.hr\/en\/wp-json\/wp\/v2\/comments?post=8272"}],"version-history":[{"count":4,"href":"https:\/\/strojarstvo-branilovic.hr\/en\/wp-json\/wp\/v2\/pages\/8272\/revisions"}],"predecessor-version":[{"id":8277,"href":"https:\/\/strojarstvo-branilovic.hr\/en\/wp-json\/wp\/v2\/pages\/8272\/revisions\/8277"}],"wp:attachment":[{"href":"https:\/\/strojarstvo-branilovic.hr\/en\/wp-json\/wp\/v2\/media?parent=8272"}],"curies":[{"name":"wp","href":"https:\/\/api.w.org\/{rel}","templated":true}]}}