{"id":8266,"date":"2021-02-25T09:54:18","date_gmt":"2021-02-25T08:54:18","guid":{"rendered":"https:\/\/strojarstvo-branilovic.hr\/eu-projekti\/"},"modified":"2023-10-22T02:33:43","modified_gmt":"2023-10-22T00:33:43","slug":"eu-projekti","status":"publish","type":"page","link":"https:\/\/strojarstvo-branilovic.hr\/en\/increase-of-ee-and-introduction-of-res\/","title":{"rendered":"Increase of EE and introduction of RES in STROJARSTVO BRANILOVI\u0106 d.o.o."},"content":{"rendered":"\t\t<div data-elementor-type=\"wp-page\" data-elementor-id=\"8266\" class=\"elementor elementor-8266 elementor-5818\">\n\t\t\t\t\t\t<section class=\"elementor-section elementor-top-section elementor-element elementor-element-f5d897b elementor-section-boxed elementor-section-height-default elementor-section-height-default qodef-elementor-content-no\" data-id=\"f5d897b\" data-element_type=\"section\" data-e-type=\"section\">\n\t\t\t\t\t\t<div class=\"elementor-container elementor-column-gap-default\">\n\t\t\t\t\t<div class=\"elementor-column elementor-col-100 elementor-top-column elementor-element elementor-element-35b1842\" data-id=\"35b1842\" data-element_type=\"column\" data-e-type=\"column\">\n\t\t\t<div class=\"elementor-widget-wrap elementor-element-populated\">\n\t\t\t\t\t\t<div class=\"elementor-element elementor-element-20fe55c elementor-widget elementor-widget-text-editor\" data-id=\"20fe55c\" data-element_type=\"widget\" data-e-type=\"widget\" data-widget_type=\"text-editor.default\">\n\t\t\t\t<div class=\"elementor-widget-container\">\n\t\t\t\t\t\t\t\t\t<p><strong>USER NAME:<br \/><\/strong>STROJARSTVO BRANILOVI\u0106 d.o.o.<\/p>\n<p><strong>NAME OF THE PROJECT:<br \/><\/strong>Increase of EE and introduction of RES in STROJARSTVO BRANILOVI\u0106 d.o.o.<\/p>\n<p><strong>PROJECT DESCRIPTION<br \/><\/strong>The project &ldquo;Increasing EE and introduction of RES in STROJARSTVO BRANILOVI\u0106 d.o.o.&rdquo; the company increased the energy efficiency of the production building and office spaces through the activities of renovation of the building&rsquo;s external envelope and replacement of interior lighting with more energy efficient ones in the production plant and office spaces.<\/p>\n<p>The renovation activities of the building&rsquo;s external envelope included:<\/p>\n<ul>\n<li>reconstruction of the external walls of the facade (thermal insulation with tin panels),<\/li>\n<li>reconstruction of the roof (dismantling of existing parts of the final cover and performance of thermal insulation and installation of sheet metal cover) and<\/li>\n<li>reconstruction of exterior joinery (dismantling of existing and installation of new PVC joinery).<\/li>\n<\/ul>\n<p>With this project, the company also built a photovoltaic power plant on the roof of the production building, with a nominal power of 180 kW, which produces electricity for the needs of its own production process, thus the company promotes the use of energy from renewable energy sources.<\/p>\n<p><strong>GOALS AND EXPECTED RESULTS:<\/strong><\/p>\n<ul>\n<li>Increase the efficiency of energy use (to produce the same amount of product using less energy)<\/li>\n<li>Reduce the share of conventional (fossil) fuels in total energy consumption<\/li>\n<li>Contribute to the transition of the Republic of Croatia to a low-carbon economy.<\/li>\n<\/ul>\n<p><strong>Total value of the project:<\/strong> HRK 7,604,510.53<br \/><strong>Amount co-financed by the EU:<\/strong> HRK 3,094,352.93<br \/><strong>Project implementation period: <\/strong>28 November 2017 &ndash; 27 November 2019<\/p>\n<p><strong>CONTACT PERSON:<br \/><\/strong>Lidija Branilovi\u0107-Kova\u010di\u0107<br \/><a href=\"mailto:lidija@strojarstvo-branilovic.hr\">lidija@strojarstvo-branilovic.hr<\/a><\/p>\n<p><strong>The project was co-financed by the European Union from European Regional Development Fund<br \/><\/strong>The content of the publication\/broadcast material is the sole responsibility of the company STROJARSTVO BRANILOVI\u0106 d.o.o.<br \/>Additional information: <a href=\"https:\/\/www.strukturnifondovi.hr\/\" target=\"_blank\" rel=\"noopener noreferrer\">www.strukturnifondovi.hr<\/a><\/p>\t\t\t\t\t\t\t\t<\/div>\n\t\t\t\t<\/div>\n\t\t\t\t<div class=\"elementor-element elementor-element-10f7680 elementor-widget elementor-widget-image\" data-id=\"10f7680\" data-element_type=\"widget\" data-e-type=\"widget\" data-widget_type=\"image.default\">\n\t\t\t\t<div class=\"elementor-widget-container\">\n\t\t\t\t\t\t\t\t\t\t\t\t\t\t\t<img fetchpriority=\"high\" decoding=\"async\" width=\"960\" height=\"200\" src=\"https:\/\/strojarstvo-branilovic.hr\/wp-content\/uploads\/2021\/02\/amblem1-min.png\" class=\"attachment-large size-large wp-image-7937\" alt=\"\" srcset=\"https:\/\/strojarstvo-branilovic.hr\/wp-content\/uploads\/2021\/02\/amblem1-min.png 960w, https:\/\/strojarstvo-branilovic.hr\/wp-content\/uploads\/2021\/02\/amblem1-min-300x63.png 300w, https:\/\/strojarstvo-branilovic.hr\/wp-content\/uploads\/2021\/02\/amblem1-min-768x160.png 768w\" sizes=\"(max-width: 960px) 100vw, 960px\" \/>\t\t\t\t\t\t\t\t\t\t\t\t\t\t\t<\/div>\n\t\t\t\t<\/div>\n\t\t\t\t<div class=\"elementor-element elementor-element-72188a0 elementor-widget elementor-widget-image\" data-id=\"72188a0\" data-element_type=\"widget\" data-e-type=\"widget\" data-widget_type=\"image.default\">\n\t\t\t\t<div class=\"elementor-widget-container\">\n\t\t\t\t\t\t\t\t\t\t\t\t\t\t\t<img decoding=\"async\" width=\"944\" height=\"164\" src=\"https:\/\/strojarstvo-branilovic.hr\/wp-content\/uploads\/2023\/04\/eu-projekt-banner-2.png\" class=\"attachment-large size-large wp-image-8019\" alt=\"\" srcset=\"https:\/\/strojarstvo-branilovic.hr\/wp-content\/uploads\/2023\/04\/eu-projekt-banner-2.png 944w, https:\/\/strojarstvo-branilovic.hr\/wp-content\/uploads\/2023\/04\/eu-projekt-banner-2-300x52.png 300w, https:\/\/strojarstvo-branilovic.hr\/wp-content\/uploads\/2023\/04\/eu-projekt-banner-2-768x133.png 768w\" sizes=\"(max-width: 944px) 100vw, 944px\" \/>\t\t\t\t\t\t\t\t\t\t\t\t\t\t\t<\/div>\n\t\t\t\t<\/div>\n\t\t\t\t\t<\/div>\n\t\t<\/div>\n\t\t\t\t\t<\/div>\n\t\t<\/section>\n\t\t\t\t<\/div>\n\t\t","protected":false},"excerpt":{"rendered":"<p>USER NAME:STROJARSTVO BRANILOVI\u0106 d.o.o. NAME OF THE PROJECT:Increase of EE and introduction of RES in STROJARSTVO BRANILOVI\u0106 d.o.o. PROJECT DESCRIPTIONThe project &ldquo;Increasing EE and introduction of RES in STROJARSTVO BRANILOVI\u0106 d.o.o.&rdquo; the company increased the energy efficiency of the production building and office spaces through the activities of renovation of the building&rsquo;s external envelope and [&hellip;]<\/p>\n","protected":false},"author":1,"featured_media":0,"parent":0,"menu_order":17,"comment_status":"closed","ping_status":"closed","template":"","meta":{"_acf_changed":false,"footnotes":""},"class_list":["post-8266","page","type-page","status-publish","hentry"],"acf":[],"yoast_head":"<!-- This site is optimized with the Yoast SEO plugin v27.3 - https:\/\/yoast.com\/product\/yoast-seo-wordpress\/ -->\n<title>Increase of EE and introduction of RES in STROJARSTVO BRANILOVI\u0106 d.o.o. - Strojarstvo Branilovi\u0107<\/title>\n<meta name=\"robots\" content=\"index, follow, max-snippet:-1, max-image-preview:large, max-video-preview:-1\" \/>\n<link rel=\"canonical\" href=\"https:\/\/strojarstvo-branilovic.hr\/en\/increase-of-ee-and-introduction-of-res\/\" \/>\n<meta property=\"og:locale\" content=\"en_US\" \/>\n<meta property=\"og:type\" content=\"article\" \/>\n<meta property=\"og:title\" content=\"Increase of EE and introduction of RES in STROJARSTVO BRANILOVI\u0106 d.o.o. - Strojarstvo Branilovi\u0107\" \/>\n<meta property=\"og:description\" content=\"USER NAME:STROJARSTVO BRANILOVI\u0106 d.o.o. NAME OF THE PROJECT:Increase of EE and introduction of RES in STROJARSTVO BRANILOVI\u0106 d.o.o. PROJECT DESCRIPTIONThe project &ldquo;Increasing EE and introduction of RES in STROJARSTVO BRANILOVI\u0106 d.o.o.&rdquo; the company increased the energy efficiency of the production building and office spaces through the activities of renovation of the building&rsquo;s external envelope and [&hellip;]\" \/>\n<meta property=\"og:url\" content=\"https:\/\/strojarstvo-branilovic.hr\/en\/increase-of-ee-and-introduction-of-res\/\" \/>\n<meta property=\"og:site_name\" content=\"Strojarstvo Branilovi\u0107\" \/>\n<meta property=\"article:modified_time\" content=\"2023-10-22T00:33:43+00:00\" \/>\n<meta property=\"og:image\" content=\"https:\/\/strojarstvo-branilovic.hr\/wp-content\/uploads\/2021\/02\/amblem1-min.png\" \/>\n<meta name=\"twitter:card\" content=\"summary_large_image\" \/>\n<script type=\"application\/ld+json\" class=\"yoast-schema-graph\">{\"@context\":\"https:\\\/\\\/schema.org\",\"@graph\":[{\"@type\":\"WebPage\",\"@id\":\"https:\\\/\\\/strojarstvo-branilovic.hr\\\/en\\\/increase-of-ee-and-introduction-of-res\\\/\",\"url\":\"https:\\\/\\\/strojarstvo-branilovic.hr\\\/en\\\/increase-of-ee-and-introduction-of-res\\\/\",\"name\":\"Increase of EE and introduction of RES in STROJARSTVO BRANILOVI\u0106 d.o.o. - Strojarstvo Branilovi\u0107\",\"isPartOf\":{\"@id\":\"https:\\\/\\\/strojarstvo-branilovic.hr\\\/en\\\/#website\"},\"primaryImageOfPage\":{\"@id\":\"https:\\\/\\\/strojarstvo-branilovic.hr\\\/en\\\/increase-of-ee-and-introduction-of-res\\\/#primaryimage\"},\"image\":{\"@id\":\"https:\\\/\\\/strojarstvo-branilovic.hr\\\/en\\\/increase-of-ee-and-introduction-of-res\\\/#primaryimage\"},\"thumbnailUrl\":\"https:\\\/\\\/strojarstvo-branilovic.hr\\\/wp-content\\\/uploads\\\/2021\\\/02\\\/amblem1-min.png\",\"datePublished\":\"2021-02-25T08:54:18+00:00\",\"dateModified\":\"2023-10-22T00:33:43+00:00\",\"breadcrumb\":{\"@id\":\"https:\\\/\\\/strojarstvo-branilovic.hr\\\/en\\\/increase-of-ee-and-introduction-of-res\\\/#breadcrumb\"},\"inLanguage\":\"en-US\",\"potentialAction\":[{\"@type\":\"ReadAction\",\"target\":[\"https:\\\/\\\/strojarstvo-branilovic.hr\\\/en\\\/increase-of-ee-and-introduction-of-res\\\/\"]}]},{\"@type\":\"ImageObject\",\"inLanguage\":\"en-US\",\"@id\":\"https:\\\/\\\/strojarstvo-branilovic.hr\\\/en\\\/increase-of-ee-and-introduction-of-res\\\/#primaryimage\",\"url\":\"https:\\\/\\\/strojarstvo-branilovic.hr\\\/wp-content\\\/uploads\\\/2021\\\/02\\\/amblem1-min.png\",\"contentUrl\":\"https:\\\/\\\/strojarstvo-branilovic.hr\\\/wp-content\\\/uploads\\\/2021\\\/02\\\/amblem1-min.png\"},{\"@type\":\"BreadcrumbList\",\"@id\":\"https:\\\/\\\/strojarstvo-branilovic.hr\\\/en\\\/increase-of-ee-and-introduction-of-res\\\/#breadcrumb\",\"itemListElement\":[{\"@type\":\"ListItem\",\"position\":1,\"name\":\"Po\u010detna stranica\",\"item\":\"https:\\\/\\\/strojarstvo-branilovic.hr\\\/en\\\/\"},{\"@type\":\"ListItem\",\"position\":2,\"name\":\"Increase of EE and introduction of RES in STROJARSTVO BRANILOVI\u0106 d.o.o.\"}]},{\"@type\":\"WebSite\",\"@id\":\"https:\\\/\\\/strojarstvo-branilovic.hr\\\/en\\\/#website\",\"url\":\"https:\\\/\\\/strojarstvo-branilovic.hr\\\/en\\\/\",\"name\":\"Strojarstvo Branilovi\u0107\",\"description\":\"\",\"publisher\":{\"@id\":\"https:\\\/\\\/strojarstvo-branilovic.hr\\\/en\\\/#organization\"},\"potentialAction\":[{\"@type\":\"SearchAction\",\"target\":{\"@type\":\"EntryPoint\",\"urlTemplate\":\"https:\\\/\\\/strojarstvo-branilovic.hr\\\/en\\\/?s={search_term_string}\"},\"query-input\":{\"@type\":\"PropertyValueSpecification\",\"valueRequired\":true,\"valueName\":\"search_term_string\"}}],\"inLanguage\":\"en-US\"},{\"@type\":\"Organization\",\"@id\":\"https:\\\/\\\/strojarstvo-branilovic.hr\\\/en\\\/#organization\",\"name\":\"Strojarstvo Branilovi\u0107\",\"url\":\"https:\\\/\\\/strojarstvo-branilovic.hr\\\/en\\\/\",\"logo\":{\"@type\":\"ImageObject\",\"inLanguage\":\"en-US\",\"@id\":\"https:\\\/\\\/strojarstvo-branilovic.hr\\\/en\\\/#\\\/schema\\\/logo\\\/image\\\/\",\"url\":\"https:\\\/\\\/strojarstvo-branilovic.hr\\\/wp-content\\\/uploads\\\/2021\\\/12\\\/logo.png\",\"contentUrl\":\"https:\\\/\\\/strojarstvo-branilovic.hr\\\/wp-content\\\/uploads\\\/2021\\\/12\\\/logo.png\",\"width\":558,\"height\":371,\"caption\":\"Strojarstvo Branilovi\u0107\"},\"image\":{\"@id\":\"https:\\\/\\\/strojarstvo-branilovic.hr\\\/en\\\/#\\\/schema\\\/logo\\\/image\\\/\"}}]}<\/script>\n<!-- \/ Yoast SEO plugin. -->","yoast_head_json":{"title":"Increase of EE and introduction of RES in STROJARSTVO BRANILOVI\u0106 d.o.o. - Strojarstvo Branilovi\u0107","robots":{"index":"index","follow":"follow","max-snippet":"max-snippet:-1","max-image-preview":"max-image-preview:large","max-video-preview":"max-video-preview:-1"},"canonical":"https:\/\/strojarstvo-branilovic.hr\/en\/increase-of-ee-and-introduction-of-res\/","og_locale":"en_US","og_type":"article","og_title":"Increase of EE and introduction of RES in STROJARSTVO BRANILOVI\u0106 d.o.o. - Strojarstvo Branilovi\u0107","og_description":"USER NAME:STROJARSTVO BRANILOVI\u0106 d.o.o. NAME OF THE PROJECT:Increase of EE and introduction of RES in STROJARSTVO BRANILOVI\u0106 d.o.o. PROJECT DESCRIPTIONThe project &ldquo;Increasing EE and introduction of RES in STROJARSTVO BRANILOVI\u0106 d.o.o.&rdquo; the company increased the energy efficiency of the production building and office spaces through the activities of renovation of the building&rsquo;s external envelope and [&hellip;]","og_url":"https:\/\/strojarstvo-branilovic.hr\/en\/increase-of-ee-and-introduction-of-res\/","og_site_name":"Strojarstvo Branilovi\u0107","article_modified_time":"2023-10-22T00:33:43+00:00","og_image":[{"url":"https:\/\/strojarstvo-branilovic.hr\/wp-content\/uploads\/2021\/02\/amblem1-min.png","type":"","width":"","height":""}],"twitter_card":"summary_large_image","schema":{"@context":"https:\/\/schema.org","@graph":[{"@type":"WebPage","@id":"https:\/\/strojarstvo-branilovic.hr\/en\/increase-of-ee-and-introduction-of-res\/","url":"https:\/\/strojarstvo-branilovic.hr\/en\/increase-of-ee-and-introduction-of-res\/","name":"Increase of EE and introduction of RES in STROJARSTVO BRANILOVI\u0106 d.o.o. - Strojarstvo Branilovi\u0107","isPartOf":{"@id":"https:\/\/strojarstvo-branilovic.hr\/en\/#website"},"primaryImageOfPage":{"@id":"https:\/\/strojarstvo-branilovic.hr\/en\/increase-of-ee-and-introduction-of-res\/#primaryimage"},"image":{"@id":"https:\/\/strojarstvo-branilovic.hr\/en\/increase-of-ee-and-introduction-of-res\/#primaryimage"},"thumbnailUrl":"https:\/\/strojarstvo-branilovic.hr\/wp-content\/uploads\/2021\/02\/amblem1-min.png","datePublished":"2021-02-25T08:54:18+00:00","dateModified":"2023-10-22T00:33:43+00:00","breadcrumb":{"@id":"https:\/\/strojarstvo-branilovic.hr\/en\/increase-of-ee-and-introduction-of-res\/#breadcrumb"},"inLanguage":"en-US","potentialAction":[{"@type":"ReadAction","target":["https:\/\/strojarstvo-branilovic.hr\/en\/increase-of-ee-and-introduction-of-res\/"]}]},{"@type":"ImageObject","inLanguage":"en-US","@id":"https:\/\/strojarstvo-branilovic.hr\/en\/increase-of-ee-and-introduction-of-res\/#primaryimage","url":"https:\/\/strojarstvo-branilovic.hr\/wp-content\/uploads\/2021\/02\/amblem1-min.png","contentUrl":"https:\/\/strojarstvo-branilovic.hr\/wp-content\/uploads\/2021\/02\/amblem1-min.png"},{"@type":"BreadcrumbList","@id":"https:\/\/strojarstvo-branilovic.hr\/en\/increase-of-ee-and-introduction-of-res\/#breadcrumb","itemListElement":[{"@type":"ListItem","position":1,"name":"Po\u010detna stranica","item":"https:\/\/strojarstvo-branilovic.hr\/en\/"},{"@type":"ListItem","position":2,"name":"Increase of EE and introduction of RES in STROJARSTVO BRANILOVI\u0106 d.o.o."}]},{"@type":"WebSite","@id":"https:\/\/strojarstvo-branilovic.hr\/en\/#website","url":"https:\/\/strojarstvo-branilovic.hr\/en\/","name":"Strojarstvo Branilovi\u0107","description":"","publisher":{"@id":"https:\/\/strojarstvo-branilovic.hr\/en\/#organization"},"potentialAction":[{"@type":"SearchAction","target":{"@type":"EntryPoint","urlTemplate":"https:\/\/strojarstvo-branilovic.hr\/en\/?s={search_term_string}"},"query-input":{"@type":"PropertyValueSpecification","valueRequired":true,"valueName":"search_term_string"}}],"inLanguage":"en-US"},{"@type":"Organization","@id":"https:\/\/strojarstvo-branilovic.hr\/en\/#organization","name":"Strojarstvo Branilovi\u0107","url":"https:\/\/strojarstvo-branilovic.hr\/en\/","logo":{"@type":"ImageObject","inLanguage":"en-US","@id":"https:\/\/strojarstvo-branilovic.hr\/en\/#\/schema\/logo\/image\/","url":"https:\/\/strojarstvo-branilovic.hr\/wp-content\/uploads\/2021\/12\/logo.png","contentUrl":"https:\/\/strojarstvo-branilovic.hr\/wp-content\/uploads\/2021\/12\/logo.png","width":558,"height":371,"caption":"Strojarstvo Branilovi\u0107"},"image":{"@id":"https:\/\/strojarstvo-branilovic.hr\/en\/#\/schema\/logo\/image\/"}}]}},"_links":{"self":[{"href":"https:\/\/strojarstvo-branilovic.hr\/en\/wp-json\/wp\/v2\/pages\/8266","targetHints":{"allow":["GET"]}}],"collection":[{"href":"https:\/\/strojarstvo-branilovic.hr\/en\/wp-json\/wp\/v2\/pages"}],"about":[{"href":"https:\/\/strojarstvo-branilovic.hr\/en\/wp-json\/wp\/v2\/types\/page"}],"author":[{"embeddable":true,"href":"https:\/\/strojarstvo-branilovic.hr\/en\/wp-json\/wp\/v2\/users\/1"}],"replies":[{"embeddable":true,"href":"https:\/\/strojarstvo-branilovic.hr\/en\/wp-json\/wp\/v2\/comments?post=8266"}],"version-history":[{"count":4,"href":"https:\/\/strojarstvo-branilovic.hr\/en\/wp-json\/wp\/v2\/pages\/8266\/revisions"}],"predecessor-version":[{"id":8271,"href":"https:\/\/strojarstvo-branilovic.hr\/en\/wp-json\/wp\/v2\/pages\/8266\/revisions\/8271"}],"wp:attachment":[{"href":"https:\/\/strojarstvo-branilovic.hr\/en\/wp-json\/wp\/v2\/media?parent=8266"}],"curies":[{"name":"wp","href":"https:\/\/api.w.org\/{rel}","templated":true}]}}