{"id":8256,"date":"2023-03-27T10:46:15","date_gmt":"2023-03-27T08:46:15","guid":{"rendered":"https:\/\/strojarstvo-branilovic.hr\/politika-kvalitete\/"},"modified":"2023-11-29T09:39:42","modified_gmt":"2023-11-29T08:39:42","slug":"politika-kvalitete","status":"publish","type":"page","link":"https:\/\/strojarstvo-branilovic.hr\/en\/quality-policy\/","title":{"rendered":"Quality policy"},"content":{"rendered":"\t\t<div data-elementor-type=\"wp-page\" data-elementor-id=\"8256\" class=\"elementor elementor-8256 elementor-6811\">\n\t\t\t\t\t\t<section class=\"elementor-section elementor-top-section elementor-element elementor-element-bb72763 elementor-section-boxed elementor-section-height-default elementor-section-height-default qodef-elementor-content-no\" data-id=\"bb72763\" data-element_type=\"section\" data-e-type=\"section\">\n\t\t\t\t\t\t<div class=\"elementor-container elementor-column-gap-default\">\n\t\t\t\t\t<div class=\"elementor-column elementor-col-100 elementor-top-column elementor-element elementor-element-2b29646\" data-id=\"2b29646\" data-element_type=\"column\" data-e-type=\"column\">\n\t\t\t<div class=\"elementor-widget-wrap elementor-element-populated\">\n\t\t\t\t\t\t<div class=\"elementor-element elementor-element-fe23c2d elementor-widget elementor-widget-text-editor\" data-id=\"fe23c2d\" data-element_type=\"widget\" data-e-type=\"widget\" data-widget_type=\"text-editor.default\">\n\t\t\t\t<div class=\"elementor-widget-container\">\n\t\t\t\t\t\t\t\t\t<p>Visoka kvaliteta proizvoda, zadovoljstvo kupaca i stalno pobolj\u0161anje uvo\u0111enjem novih tehnologija, uvo\u0111enjem sustava upravljanja kvalitetom koji se temelji na normama ISO\u00a09001:2015 i ISO\u00a014001:2015 i usavr\u0161avanje djelatnika s ciljem ostvarivanja gospodarskog rasta na\u0161a je strategija za stvaranje visokokvalitetnih proizvoda prepoznatljivih tr\u017ei\u0161tu.<\/p>\n\t\t\t\t\t\t\t\t<\/div>\n\t\t\t\t<\/div>\n\t\t\t\t\t<\/div>\n\t\t<\/div>\n\t\t\t\t\t<\/div>\n\t\t<\/section>\n\t\t\t\t<section class=\"elementor-section elementor-top-section elementor-element elementor-element-3e1155d elementor-section-boxed elementor-section-height-default elementor-section-height-default qodef-elementor-content-no\" data-id=\"3e1155d\" data-element_type=\"section\" data-e-type=\"section\">\n\t\t\t\t\t\t<div class=\"elementor-container elementor-column-gap-default\">\n\t\t\t\t\t<div class=\"elementor-column elementor-col-100 elementor-top-column elementor-element elementor-element-da4a627\" data-id=\"da4a627\" data-element_type=\"column\" data-e-type=\"column\">\n\t\t\t<div class=\"elementor-widget-wrap\">\n\t\t\t\t\t\t\t<\/div>\n\t\t<\/div>\n\t\t\t\t\t<\/div>\n\t\t<\/section>\n\t\t\t\t<\/div>\n\t\t","protected":false},"excerpt":{"rendered":"<p>Visoka kvaliteta proizvoda, zadovoljstvo kupaca i stalno pobolj\u0161anje uvo\u0111enjem novih tehnologija, uvo\u0111enjem sustava upravljanja kvalitetom koji se temelji na normama ISO\u00a09001:2015 i ISO\u00a014001:2015 i usavr\u0161avanje djelatnika s ciljem ostvarivanja gospodarskog rasta na\u0161a je strategija za stvaranje visokokvalitetnih proizvoda prepoznatljivih tr\u017ei\u0161tu.<\/p>\n","protected":false},"author":1,"featured_media":8195,"parent":0,"menu_order":10,"comment_status":"closed","ping_status":"closed","template":"","meta":{"_acf_changed":false,"footnotes":""},"class_list":["post-8256","page","type-page","status-publish","has-post-thumbnail","hentry"],"acf":[],"yoast_head":"<!-- This site is optimized with the Yoast SEO plugin v27.3 - https:\/\/yoast.com\/product\/yoast-seo-wordpress\/ -->\n<title>Quality policy - Strojarstvo Branilovi\u0107<\/title>\n<meta name=\"robots\" content=\"index, follow, max-snippet:-1, max-image-preview:large, max-video-preview:-1\" \/>\n<link rel=\"canonical\" href=\"https:\/\/strojarstvo-branilovic.hr\/en\/quality-policy\/\" \/>\n<meta property=\"og:locale\" content=\"en_US\" \/>\n<meta property=\"og:type\" content=\"article\" \/>\n<meta property=\"og:title\" content=\"Quality policy - Strojarstvo Branilovi\u0107\" \/>\n<meta property=\"og:description\" content=\"Visoka kvaliteta proizvoda, zadovoljstvo kupaca i stalno pobolj\u0161anje uvo\u0111enjem novih tehnologija, uvo\u0111enjem sustava upravljanja kvalitetom koji se temelji na normama ISO\u00a09001:2015 i ISO\u00a014001:2015 i usavr\u0161avanje djelatnika s ciljem ostvarivanja gospodarskog rasta na\u0161a je strategija za stvaranje visokokvalitetnih proizvoda prepoznatljivih tr\u017ei\u0161tu.\" \/>\n<meta property=\"og:url\" content=\"https:\/\/strojarstvo-branilovic.hr\/en\/quality-policy\/\" \/>\n<meta property=\"og:site_name\" content=\"Strojarstvo Branilovi\u0107\" \/>\n<meta property=\"article:modified_time\" content=\"2023-11-29T08:39:42+00:00\" \/>\n<meta property=\"og:image\" content=\"https:\/\/strojarstvo-branilovic.hr\/wp-content\/uploads\/2023\/09\/hero-politika-kvalitete.jpg\" \/>\n\t<meta property=\"og:image:width\" content=\"1920\" \/>\n\t<meta property=\"og:image:height\" content=\"672\" \/>\n\t<meta property=\"og:image:type\" content=\"image\/jpeg\" \/>\n<meta name=\"twitter:card\" content=\"summary_large_image\" \/>\n<script type=\"application\/ld+json\" class=\"yoast-schema-graph\">{\"@context\":\"https:\\\/\\\/schema.org\",\"@graph\":[{\"@type\":\"WebPage\",\"@id\":\"https:\\\/\\\/strojarstvo-branilovic.hr\\\/en\\\/quality-policy\\\/\",\"url\":\"https:\\\/\\\/strojarstvo-branilovic.hr\\\/en\\\/quality-policy\\\/\",\"name\":\"Quality policy - Strojarstvo Branilovi\u0107\",\"isPartOf\":{\"@id\":\"https:\\\/\\\/strojarstvo-branilovic.hr\\\/en\\\/#website\"},\"primaryImageOfPage\":{\"@id\":\"https:\\\/\\\/strojarstvo-branilovic.hr\\\/en\\\/quality-policy\\\/#primaryimage\"},\"image\":{\"@id\":\"https:\\\/\\\/strojarstvo-branilovic.hr\\\/en\\\/quality-policy\\\/#primaryimage\"},\"thumbnailUrl\":\"https:\\\/\\\/strojarstvo-branilovic.hr\\\/wp-content\\\/uploads\\\/2023\\\/09\\\/hero-politika-kvalitete.jpg\",\"datePublished\":\"2023-03-27T08:46:15+00:00\",\"dateModified\":\"2023-11-29T08:39:42+00:00\",\"breadcrumb\":{\"@id\":\"https:\\\/\\\/strojarstvo-branilovic.hr\\\/en\\\/quality-policy\\\/#breadcrumb\"},\"inLanguage\":\"en-US\",\"potentialAction\":[{\"@type\":\"ReadAction\",\"target\":[\"https:\\\/\\\/strojarstvo-branilovic.hr\\\/en\\\/quality-policy\\\/\"]}]},{\"@type\":\"ImageObject\",\"inLanguage\":\"en-US\",\"@id\":\"https:\\\/\\\/strojarstvo-branilovic.hr\\\/en\\\/quality-policy\\\/#primaryimage\",\"url\":\"https:\\\/\\\/strojarstvo-branilovic.hr\\\/wp-content\\\/uploads\\\/2023\\\/09\\\/hero-politika-kvalitete.jpg\",\"contentUrl\":\"https:\\\/\\\/strojarstvo-branilovic.hr\\\/wp-content\\\/uploads\\\/2023\\\/09\\\/hero-politika-kvalitete.jpg\",\"width\":1920,\"height\":672},{\"@type\":\"BreadcrumbList\",\"@id\":\"https:\\\/\\\/strojarstvo-branilovic.hr\\\/en\\\/quality-policy\\\/#breadcrumb\",\"itemListElement\":[{\"@type\":\"ListItem\",\"position\":1,\"name\":\"Po\u010detna stranica\",\"item\":\"https:\\\/\\\/strojarstvo-branilovic.hr\\\/en\\\/\"},{\"@type\":\"ListItem\",\"position\":2,\"name\":\"Quality policy\"}]},{\"@type\":\"WebSite\",\"@id\":\"https:\\\/\\\/strojarstvo-branilovic.hr\\\/en\\\/#website\",\"url\":\"https:\\\/\\\/strojarstvo-branilovic.hr\\\/en\\\/\",\"name\":\"Strojarstvo Branilovi\u0107\",\"description\":\"\",\"publisher\":{\"@id\":\"https:\\\/\\\/strojarstvo-branilovic.hr\\\/en\\\/#organization\"},\"potentialAction\":[{\"@type\":\"SearchAction\",\"target\":{\"@type\":\"EntryPoint\",\"urlTemplate\":\"https:\\\/\\\/strojarstvo-branilovic.hr\\\/en\\\/?s={search_term_string}\"},\"query-input\":{\"@type\":\"PropertyValueSpecification\",\"valueRequired\":true,\"valueName\":\"search_term_string\"}}],\"inLanguage\":\"en-US\"},{\"@type\":\"Organization\",\"@id\":\"https:\\\/\\\/strojarstvo-branilovic.hr\\\/en\\\/#organization\",\"name\":\"Strojarstvo Branilovi\u0107\",\"url\":\"https:\\\/\\\/strojarstvo-branilovic.hr\\\/en\\\/\",\"logo\":{\"@type\":\"ImageObject\",\"inLanguage\":\"en-US\",\"@id\":\"https:\\\/\\\/strojarstvo-branilovic.hr\\\/en\\\/#\\\/schema\\\/logo\\\/image\\\/\",\"url\":\"https:\\\/\\\/strojarstvo-branilovic.hr\\\/wp-content\\\/uploads\\\/2021\\\/12\\\/logo.png\",\"contentUrl\":\"https:\\\/\\\/strojarstvo-branilovic.hr\\\/wp-content\\\/uploads\\\/2021\\\/12\\\/logo.png\",\"width\":558,\"height\":371,\"caption\":\"Strojarstvo Branilovi\u0107\"},\"image\":{\"@id\":\"https:\\\/\\\/strojarstvo-branilovic.hr\\\/en\\\/#\\\/schema\\\/logo\\\/image\\\/\"}}]}<\/script>\n<!-- \/ Yoast SEO plugin. -->","yoast_head_json":{"title":"Quality policy - Strojarstvo Branilovi\u0107","robots":{"index":"index","follow":"follow","max-snippet":"max-snippet:-1","max-image-preview":"max-image-preview:large","max-video-preview":"max-video-preview:-1"},"canonical":"https:\/\/strojarstvo-branilovic.hr\/en\/quality-policy\/","og_locale":"en_US","og_type":"article","og_title":"Quality policy - Strojarstvo Branilovi\u0107","og_description":"Visoka kvaliteta proizvoda, zadovoljstvo kupaca i stalno pobolj\u0161anje uvo\u0111enjem novih tehnologija, uvo\u0111enjem sustava upravljanja kvalitetom koji se temelji na normama ISO\u00a09001:2015 i ISO\u00a014001:2015 i usavr\u0161avanje djelatnika s ciljem ostvarivanja gospodarskog rasta na\u0161a je strategija za stvaranje visokokvalitetnih proizvoda prepoznatljivih tr\u017ei\u0161tu.","og_url":"https:\/\/strojarstvo-branilovic.hr\/en\/quality-policy\/","og_site_name":"Strojarstvo Branilovi\u0107","article_modified_time":"2023-11-29T08:39:42+00:00","og_image":[{"width":1920,"height":672,"url":"https:\/\/strojarstvo-branilovic.hr\/wp-content\/uploads\/2023\/09\/hero-politika-kvalitete.jpg","type":"image\/jpeg"}],"twitter_card":"summary_large_image","schema":{"@context":"https:\/\/schema.org","@graph":[{"@type":"WebPage","@id":"https:\/\/strojarstvo-branilovic.hr\/en\/quality-policy\/","url":"https:\/\/strojarstvo-branilovic.hr\/en\/quality-policy\/","name":"Quality policy - Strojarstvo Branilovi\u0107","isPartOf":{"@id":"https:\/\/strojarstvo-branilovic.hr\/en\/#website"},"primaryImageOfPage":{"@id":"https:\/\/strojarstvo-branilovic.hr\/en\/quality-policy\/#primaryimage"},"image":{"@id":"https:\/\/strojarstvo-branilovic.hr\/en\/quality-policy\/#primaryimage"},"thumbnailUrl":"https:\/\/strojarstvo-branilovic.hr\/wp-content\/uploads\/2023\/09\/hero-politika-kvalitete.jpg","datePublished":"2023-03-27T08:46:15+00:00","dateModified":"2023-11-29T08:39:42+00:00","breadcrumb":{"@id":"https:\/\/strojarstvo-branilovic.hr\/en\/quality-policy\/#breadcrumb"},"inLanguage":"en-US","potentialAction":[{"@type":"ReadAction","target":["https:\/\/strojarstvo-branilovic.hr\/en\/quality-policy\/"]}]},{"@type":"ImageObject","inLanguage":"en-US","@id":"https:\/\/strojarstvo-branilovic.hr\/en\/quality-policy\/#primaryimage","url":"https:\/\/strojarstvo-branilovic.hr\/wp-content\/uploads\/2023\/09\/hero-politika-kvalitete.jpg","contentUrl":"https:\/\/strojarstvo-branilovic.hr\/wp-content\/uploads\/2023\/09\/hero-politika-kvalitete.jpg","width":1920,"height":672},{"@type":"BreadcrumbList","@id":"https:\/\/strojarstvo-branilovic.hr\/en\/quality-policy\/#breadcrumb","itemListElement":[{"@type":"ListItem","position":1,"name":"Po\u010detna stranica","item":"https:\/\/strojarstvo-branilovic.hr\/en\/"},{"@type":"ListItem","position":2,"name":"Quality policy"}]},{"@type":"WebSite","@id":"https:\/\/strojarstvo-branilovic.hr\/en\/#website","url":"https:\/\/strojarstvo-branilovic.hr\/en\/","name":"Strojarstvo Branilovi\u0107","description":"","publisher":{"@id":"https:\/\/strojarstvo-branilovic.hr\/en\/#organization"},"potentialAction":[{"@type":"SearchAction","target":{"@type":"EntryPoint","urlTemplate":"https:\/\/strojarstvo-branilovic.hr\/en\/?s={search_term_string}"},"query-input":{"@type":"PropertyValueSpecification","valueRequired":true,"valueName":"search_term_string"}}],"inLanguage":"en-US"},{"@type":"Organization","@id":"https:\/\/strojarstvo-branilovic.hr\/en\/#organization","name":"Strojarstvo Branilovi\u0107","url":"https:\/\/strojarstvo-branilovic.hr\/en\/","logo":{"@type":"ImageObject","inLanguage":"en-US","@id":"https:\/\/strojarstvo-branilovic.hr\/en\/#\/schema\/logo\/image\/","url":"https:\/\/strojarstvo-branilovic.hr\/wp-content\/uploads\/2021\/12\/logo.png","contentUrl":"https:\/\/strojarstvo-branilovic.hr\/wp-content\/uploads\/2021\/12\/logo.png","width":558,"height":371,"caption":"Strojarstvo Branilovi\u0107"},"image":{"@id":"https:\/\/strojarstvo-branilovic.hr\/en\/#\/schema\/logo\/image\/"}}]}},"_links":{"self":[{"href":"https:\/\/strojarstvo-branilovic.hr\/en\/wp-json\/wp\/v2\/pages\/8256","targetHints":{"allow":["GET"]}}],"collection":[{"href":"https:\/\/strojarstvo-branilovic.hr\/en\/wp-json\/wp\/v2\/pages"}],"about":[{"href":"https:\/\/strojarstvo-branilovic.hr\/en\/wp-json\/wp\/v2\/types\/page"}],"author":[{"embeddable":true,"href":"https:\/\/strojarstvo-branilovic.hr\/en\/wp-json\/wp\/v2\/users\/1"}],"replies":[{"embeddable":true,"href":"https:\/\/strojarstvo-branilovic.hr\/en\/wp-json\/wp\/v2\/comments?post=8256"}],"version-history":[{"count":5,"href":"https:\/\/strojarstvo-branilovic.hr\/en\/wp-json\/wp\/v2\/pages\/8256\/revisions"}],"predecessor-version":[{"id":8542,"href":"https:\/\/strojarstvo-branilovic.hr\/en\/wp-json\/wp\/v2\/pages\/8256\/revisions\/8542"}],"wp:featuredmedia":[{"embeddable":true,"href":"https:\/\/strojarstvo-branilovic.hr\/en\/wp-json\/wp\/v2\/media\/8195"}],"wp:attachment":[{"href":"https:\/\/strojarstvo-branilovic.hr\/en\/wp-json\/wp\/v2\/media?parent=8256"}],"curies":[{"name":"wp","href":"https:\/\/api.w.org\/{rel}","templated":true}]}}