{"id":9296,"date":"2020-02-12T14:02:30","date_gmt":"2020-02-12T13:02:30","guid":{"rendered":"https:\/\/strojarstvo-branilovic.hr\/?page_id=9296"},"modified":"2024-04-23T17:06:14","modified_gmt":"2024-04-23T15:06:14","slug":"angebot","status":"publish","type":"page","link":"https:\/\/strojarstvo-branilovic.hr\/de\/angebot\/","title":{"rendered":"Angebot"},"content":{"rendered":"<h3>METALLTEILE<\/h3>\n<h3>METALLBAUTEILE UND MASCHINEN<\/h3>\n<h3>ELEKTROSCHR\u00c4NKE<\/h3>\n<h3>SONDERANFERTIGUNGEN<\/h3>\n<ul>\n<li>EDELSTAHLPROGRAMM<\/li>\n<li>ABDECKUNGEN F\u00dcR ELEKTROMOTOREN<\/li>\n<li>METALLPALETTEN<\/li>\n<\/ul>\n<h3>KOMMUNALPROGRAMM<\/h3>\n<ul>\n<li>M\u00dcLLK\u00d6RBE UND \u2013TONNEN<\/li>\n<li>FAHRRADST\u00c4NDER<\/li>\n<li>M\u00dcLLCONTAINER<\/li>\n<li>ABROLLCONTAINER<\/li>\n<li>BEH\u00c4LTER F\u00dcR GEF\u00c4HRLICHE ABF\u00c4LLE<\/li>\n<\/ul>\n<h3>WEINBAUPROGRAMM<\/h3>\n<ul>\n<li>REIHENPF\u00c4HLE F\u00dcR WEINBERGE UND OBSTG\u00c4RTEN<\/li>\n<li>ENDPF\u00c4HLE F\u00dcR WEINBERGE UND OBSTG\u00c4RTEN<\/li>\n<li>HILFSPFOSTEN F\u00dcR WEINBERGE<\/li>\n<li>ST\u00dcTZPFOSTEN<\/li>\n<li>GARTENPFOSTEN<\/li>\n<li>VERANKERUNGSSCHRAUBEN, SPANNER, FEDERN, DRAHT-HALTER<\/li>\n<\/ul>\n<h3>ZAUNPFOSTEN<\/h3>\n<ul>\n<li>ZAUNPFOSTEN<\/li>\n<li>ST\u00dcTZPFOSTEN<\/li>\n<\/ul>\n<h3>SCHNAPSBRENNANLAGEN<\/h3>\n<ul>\n<li>SCHNAPSBRENNANLAGE OHNE R\u00dcHRWERK<\/li>\n<li>SCHNAPSBRENNANLAGE MIT R\u00dcHRWERK<\/li>\n<li>ZUSATZAUSSTATTUNG<\/li>\n<\/ul>\n<h3>SCHNELLDAMPFKESSEL<\/h3>\n","protected":false},"excerpt":{"rendered":"<p>METALLTEILE METALLBAUTEILE UND MASCHINEN ELEKTROSCHR\u00c4NKE SONDERANFERTIGUNGEN EDELSTAHLPROGRAMM ABDECKUNGEN F\u00dcR ELEKTROMOTOREN METALLPALETTEN KOMMUNALPROGRAMM M\u00dcLLK\u00d6RBE UND \u2013TONNEN FAHRRADST\u00c4NDER M\u00dcLLCONTAINER ABROLLCONTAINER BEH\u00c4LTER F\u00dcR GEF\u00c4HRLICHE ABF\u00c4LLE WEINBAUPROGRAMM REIHENPF\u00c4HLE F\u00dcR WEINBERGE UND OBSTG\u00c4RTEN ENDPF\u00c4HLE F\u00dcR WEINBERGE UND OBSTG\u00c4RTEN HILFSPFOSTEN F\u00dcR WEINBERGE ST\u00dcTZPFOSTEN GARTENPFOSTEN VERANKERUNGSSCHRAUBEN, SPANNER, FEDERN, DRAHT-HALTER ZAUNPFOSTEN ZAUNPFOSTEN ST\u00dcTZPFOSTEN SCHNAPSBRENNANLAGEN SCHNAPSBRENNANLAGE OHNE R\u00dcHRWERK SCHNAPSBRENNANLAGE MIT R\u00dcHRWERK ZUSATZAUSSTATTUNG SCHNELLDAMPFKESSEL<\/p>\n","protected":false},"author":1,"featured_media":0,"parent":0,"menu_order":14,"comment_status":"closed","ping_status":"closed","template":"page-bivz-show-subpages.php","meta":{"_acf_changed":false,"footnotes":""},"class_list":["post-9296","page","type-page","status-publish","hentry"],"acf":[],"yoast_head":"<!-- This site is optimized with the Yoast SEO plugin v27.3 - https:\/\/yoast.com\/product\/yoast-seo-wordpress\/ -->\n<title>Angebot - Strojarstvo Branilovi\u0107<\/title>\n<meta name=\"robots\" content=\"index, follow, max-snippet:-1, max-image-preview:large, max-video-preview:-1\" \/>\n<link rel=\"canonical\" href=\"https:\/\/strojarstvo-branilovic.hr\/de\/angebot\/\" \/>\n<meta property=\"og:locale\" content=\"de_DE\" \/>\n<meta property=\"og:type\" content=\"article\" \/>\n<meta property=\"og:title\" content=\"Angebot - Strojarstvo Branilovi\u0107\" \/>\n<meta property=\"og:description\" content=\"METALLTEILE METALLBAUTEILE UND MASCHINEN ELEKTROSCHR\u00c4NKE SONDERANFERTIGUNGEN EDELSTAHLPROGRAMM ABDECKUNGEN F\u00dcR ELEKTROMOTOREN METALLPALETTEN KOMMUNALPROGRAMM M\u00dcLLK\u00d6RBE UND \u2013TONNEN FAHRRADST\u00c4NDER M\u00dcLLCONTAINER ABROLLCONTAINER BEH\u00c4LTER F\u00dcR GEF\u00c4HRLICHE ABF\u00c4LLE WEINBAUPROGRAMM REIHENPF\u00c4HLE F\u00dcR WEINBERGE UND OBSTG\u00c4RTEN ENDPF\u00c4HLE F\u00dcR WEINBERGE UND OBSTG\u00c4RTEN HILFSPFOSTEN F\u00dcR WEINBERGE ST\u00dcTZPFOSTEN GARTENPFOSTEN VERANKERUNGSSCHRAUBEN, SPANNER, FEDERN, DRAHT-HALTER ZAUNPFOSTEN ZAUNPFOSTEN ST\u00dcTZPFOSTEN SCHNAPSBRENNANLAGEN SCHNAPSBRENNANLAGE OHNE R\u00dcHRWERK SCHNAPSBRENNANLAGE MIT R\u00dcHRWERK ZUSATZAUSSTATTUNG SCHNELLDAMPFKESSEL\" \/>\n<meta property=\"og:url\" content=\"https:\/\/strojarstvo-branilovic.hr\/de\/angebot\/\" \/>\n<meta property=\"og:site_name\" content=\"Strojarstvo Branilovi\u0107\" \/>\n<meta property=\"article:modified_time\" content=\"2024-04-23T15:06:14+00:00\" \/>\n<meta property=\"og:image\" content=\"https:\/\/strojarstvo-branilovic.hr\/wp-content\/uploads\/2023\/09\/o-nama-01.jpg\" \/>\n\t<meta property=\"og:image:width\" content=\"1920\" \/>\n\t<meta property=\"og:image:height\" content=\"1215\" \/>\n\t<meta property=\"og:image:type\" content=\"image\/jpeg\" \/>\n<meta name=\"twitter:card\" content=\"summary_large_image\" \/>\n<script type=\"application\/ld+json\" class=\"yoast-schema-graph\">{\"@context\":\"https:\\\/\\\/schema.org\",\"@graph\":[{\"@type\":\"WebPage\",\"@id\":\"https:\\\/\\\/strojarstvo-branilovic.hr\\\/de\\\/angebot\\\/\",\"url\":\"https:\\\/\\\/strojarstvo-branilovic.hr\\\/de\\\/angebot\\\/\",\"name\":\"Angebot - Strojarstvo Branilovi\u0107\",\"isPartOf\":{\"@id\":\"https:\\\/\\\/strojarstvo-branilovic.hr\\\/de\\\/#website\"},\"datePublished\":\"2020-02-12T13:02:30+00:00\",\"dateModified\":\"2024-04-23T15:06:14+00:00\",\"breadcrumb\":{\"@id\":\"https:\\\/\\\/strojarstvo-branilovic.hr\\\/de\\\/angebot\\\/#breadcrumb\"},\"inLanguage\":\"de\",\"potentialAction\":[{\"@type\":\"ReadAction\",\"target\":[\"https:\\\/\\\/strojarstvo-branilovic.hr\\\/de\\\/angebot\\\/\"]}]},{\"@type\":\"BreadcrumbList\",\"@id\":\"https:\\\/\\\/strojarstvo-branilovic.hr\\\/de\\\/angebot\\\/#breadcrumb\",\"itemListElement\":[{\"@type\":\"ListItem\",\"position\":1,\"name\":\"Po\u010detna stranica\",\"item\":\"https:\\\/\\\/strojarstvo-branilovic.hr\\\/de\\\/\"},{\"@type\":\"ListItem\",\"position\":2,\"name\":\"Angebot\"}]},{\"@type\":\"WebSite\",\"@id\":\"https:\\\/\\\/strojarstvo-branilovic.hr\\\/de\\\/#website\",\"url\":\"https:\\\/\\\/strojarstvo-branilovic.hr\\\/de\\\/\",\"name\":\"Strojarstvo Branilovi\u0107\",\"description\":\"\",\"publisher\":{\"@id\":\"https:\\\/\\\/strojarstvo-branilovic.hr\\\/de\\\/#organization\"},\"potentialAction\":[{\"@type\":\"SearchAction\",\"target\":{\"@type\":\"EntryPoint\",\"urlTemplate\":\"https:\\\/\\\/strojarstvo-branilovic.hr\\\/de\\\/?s={search_term_string}\"},\"query-input\":{\"@type\":\"PropertyValueSpecification\",\"valueRequired\":true,\"valueName\":\"search_term_string\"}}],\"inLanguage\":\"de\"},{\"@type\":\"Organization\",\"@id\":\"https:\\\/\\\/strojarstvo-branilovic.hr\\\/de\\\/#organization\",\"name\":\"Strojarstvo Branilovi\u0107\",\"url\":\"https:\\\/\\\/strojarstvo-branilovic.hr\\\/de\\\/\",\"logo\":{\"@type\":\"ImageObject\",\"inLanguage\":\"de\",\"@id\":\"https:\\\/\\\/strojarstvo-branilovic.hr\\\/de\\\/#\\\/schema\\\/logo\\\/image\\\/\",\"url\":\"https:\\\/\\\/strojarstvo-branilovic.hr\\\/wp-content\\\/uploads\\\/2021\\\/12\\\/logo.png\",\"contentUrl\":\"https:\\\/\\\/strojarstvo-branilovic.hr\\\/wp-content\\\/uploads\\\/2021\\\/12\\\/logo.png\",\"width\":558,\"height\":371,\"caption\":\"Strojarstvo Branilovi\u0107\"},\"image\":{\"@id\":\"https:\\\/\\\/strojarstvo-branilovic.hr\\\/de\\\/#\\\/schema\\\/logo\\\/image\\\/\"}}]}<\/script>\n<!-- \/ Yoast SEO plugin. -->","yoast_head_json":{"title":"Angebot - Strojarstvo Branilovi\u0107","robots":{"index":"index","follow":"follow","max-snippet":"max-snippet:-1","max-image-preview":"max-image-preview:large","max-video-preview":"max-video-preview:-1"},"canonical":"https:\/\/strojarstvo-branilovic.hr\/de\/angebot\/","og_locale":"de_DE","og_type":"article","og_title":"Angebot - Strojarstvo Branilovi\u0107","og_description":"METALLTEILE METALLBAUTEILE UND MASCHINEN ELEKTROSCHR\u00c4NKE SONDERANFERTIGUNGEN EDELSTAHLPROGRAMM ABDECKUNGEN F\u00dcR ELEKTROMOTOREN METALLPALETTEN KOMMUNALPROGRAMM M\u00dcLLK\u00d6RBE UND \u2013TONNEN FAHRRADST\u00c4NDER M\u00dcLLCONTAINER ABROLLCONTAINER BEH\u00c4LTER F\u00dcR GEF\u00c4HRLICHE ABF\u00c4LLE WEINBAUPROGRAMM REIHENPF\u00c4HLE F\u00dcR WEINBERGE UND OBSTG\u00c4RTEN ENDPF\u00c4HLE F\u00dcR WEINBERGE UND OBSTG\u00c4RTEN HILFSPFOSTEN F\u00dcR WEINBERGE ST\u00dcTZPFOSTEN GARTENPFOSTEN VERANKERUNGSSCHRAUBEN, SPANNER, FEDERN, DRAHT-HALTER ZAUNPFOSTEN ZAUNPFOSTEN ST\u00dcTZPFOSTEN SCHNAPSBRENNANLAGEN SCHNAPSBRENNANLAGE OHNE R\u00dcHRWERK SCHNAPSBRENNANLAGE MIT R\u00dcHRWERK ZUSATZAUSSTATTUNG SCHNELLDAMPFKESSEL","og_url":"https:\/\/strojarstvo-branilovic.hr\/de\/angebot\/","og_site_name":"Strojarstvo Branilovi\u0107","article_modified_time":"2024-04-23T15:06:14+00:00","og_image":[{"width":1920,"height":1215,"url":"https:\/\/strojarstvo-branilovic.hr\/wp-content\/uploads\/2023\/09\/o-nama-01.jpg","type":"image\/jpeg"}],"twitter_card":"summary_large_image","schema":{"@context":"https:\/\/schema.org","@graph":[{"@type":"WebPage","@id":"https:\/\/strojarstvo-branilovic.hr\/de\/angebot\/","url":"https:\/\/strojarstvo-branilovic.hr\/de\/angebot\/","name":"Angebot - Strojarstvo Branilovi\u0107","isPartOf":{"@id":"https:\/\/strojarstvo-branilovic.hr\/de\/#website"},"datePublished":"2020-02-12T13:02:30+00:00","dateModified":"2024-04-23T15:06:14+00:00","breadcrumb":{"@id":"https:\/\/strojarstvo-branilovic.hr\/de\/angebot\/#breadcrumb"},"inLanguage":"de","potentialAction":[{"@type":"ReadAction","target":["https:\/\/strojarstvo-branilovic.hr\/de\/angebot\/"]}]},{"@type":"BreadcrumbList","@id":"https:\/\/strojarstvo-branilovic.hr\/de\/angebot\/#breadcrumb","itemListElement":[{"@type":"ListItem","position":1,"name":"Po\u010detna stranica","item":"https:\/\/strojarstvo-branilovic.hr\/de\/"},{"@type":"ListItem","position":2,"name":"Angebot"}]},{"@type":"WebSite","@id":"https:\/\/strojarstvo-branilovic.hr\/de\/#website","url":"https:\/\/strojarstvo-branilovic.hr\/de\/","name":"Strojarstvo Branilovi\u0107","description":"","publisher":{"@id":"https:\/\/strojarstvo-branilovic.hr\/de\/#organization"},"potentialAction":[{"@type":"SearchAction","target":{"@type":"EntryPoint","urlTemplate":"https:\/\/strojarstvo-branilovic.hr\/de\/?s={search_term_string}"},"query-input":{"@type":"PropertyValueSpecification","valueRequired":true,"valueName":"search_term_string"}}],"inLanguage":"de"},{"@type":"Organization","@id":"https:\/\/strojarstvo-branilovic.hr\/de\/#organization","name":"Strojarstvo Branilovi\u0107","url":"https:\/\/strojarstvo-branilovic.hr\/de\/","logo":{"@type":"ImageObject","inLanguage":"de","@id":"https:\/\/strojarstvo-branilovic.hr\/de\/#\/schema\/logo\/image\/","url":"https:\/\/strojarstvo-branilovic.hr\/wp-content\/uploads\/2021\/12\/logo.png","contentUrl":"https:\/\/strojarstvo-branilovic.hr\/wp-content\/uploads\/2021\/12\/logo.png","width":558,"height":371,"caption":"Strojarstvo Branilovi\u0107"},"image":{"@id":"https:\/\/strojarstvo-branilovic.hr\/de\/#\/schema\/logo\/image\/"}}]}},"_links":{"self":[{"href":"https:\/\/strojarstvo-branilovic.hr\/de\/wp-json\/wp\/v2\/pages\/9296","targetHints":{"allow":["GET"]}}],"collection":[{"href":"https:\/\/strojarstvo-branilovic.hr\/de\/wp-json\/wp\/v2\/pages"}],"about":[{"href":"https:\/\/strojarstvo-branilovic.hr\/de\/wp-json\/wp\/v2\/types\/page"}],"author":[{"embeddable":true,"href":"https:\/\/strojarstvo-branilovic.hr\/de\/wp-json\/wp\/v2\/users\/1"}],"replies":[{"embeddable":true,"href":"https:\/\/strojarstvo-branilovic.hr\/de\/wp-json\/wp\/v2\/comments?post=9296"}],"version-history":[{"count":4,"href":"https:\/\/strojarstvo-branilovic.hr\/de\/wp-json\/wp\/v2\/pages\/9296\/revisions"}],"predecessor-version":[{"id":9301,"href":"https:\/\/strojarstvo-branilovic.hr\/de\/wp-json\/wp\/v2\/pages\/9296\/revisions\/9301"}],"wp:attachment":[{"href":"https:\/\/strojarstvo-branilovic.hr\/de\/wp-json\/wp\/v2\/media?parent=9296"}],"curies":[{"name":"wp","href":"https:\/\/api.w.org\/{rel}","templated":true}]}}