{"id":8561,"date":"2023-04-18T10:58:32","date_gmt":"2023-04-18T08:58:32","guid":{"rendered":"https:\/\/strojarstvo-branilovic.hr\/povecanje-konkurentnosti-strojarstva-branilovic-d-o-o-kroz-ikt\/"},"modified":"2023-11-29T10:00:25","modified_gmt":"2023-11-29T09:00:25","slug":"povecanje-konkurentnosti-strojarstva-branilovic-d-o-o-kroz-ikt","status":"publish","type":"page","link":"https:\/\/strojarstvo-branilovic.hr\/de\/steigerung-der-wettbewerbsfahigkeit-durch-ikt-einsatz\/","title":{"rendered":"Steigerung der Wettbewerbsf\u00e4higkeit von STROJARSTVO BRANILOVI\u0106 d.o.o. durch IKT-Einsatz"},"content":{"rendered":"\t\t<div data-elementor-type=\"wp-page\" data-elementor-id=\"8561\" class=\"elementor elementor-8561 elementor-6902\">\n\t\t\t\t\t\t<section class=\"elementor-section elementor-top-section elementor-element elementor-element-f5d897b elementor-section-boxed elementor-section-height-default elementor-section-height-default qodef-elementor-content-no\" data-id=\"f5d897b\" data-element_type=\"section\" data-e-type=\"section\">\n\t\t\t\t\t\t<div class=\"elementor-container elementor-column-gap-default\">\n\t\t\t\t\t<div class=\"elementor-column elementor-col-100 elementor-top-column elementor-element elementor-element-35b1842\" data-id=\"35b1842\" data-element_type=\"column\" data-e-type=\"column\">\n\t\t\t<div class=\"elementor-widget-wrap elementor-element-populated\">\n\t\t\t\t\t\t<div class=\"elementor-element elementor-element-20fe55c elementor-widget elementor-widget-text-editor\" data-id=\"20fe55c\" data-element_type=\"widget\" data-e-type=\"widget\" data-widget_type=\"text-editor.default\">\n\t\t\t\t<div class=\"elementor-widget-container\">\n\t\t\t\t\t\t\t\t\t<p><strong>PROJEKTNAME<br \/><\/strong>\u201eSteigerung der Wettbewerbsf\u00e4higkeit von STROJARSTVO BRANILOVI\u0106 d.o.o. durch IKT-Einsatz\u201c<br \/>Projektnummer: KK.03.2.1.19.0695<\/p>\n<p><strong>KURZE PROJEKTBESCHREIBUNG<br \/><\/strong>Durch die Projektrealisierung erreicht STROJARSTVO BRANILOVI\u0106 d.o.o. folgende zwei spezifische Ziele:<\/p>\n<ol>\n<li>Effizienz und Wettbewerbsf\u00e4higkeit des Unternehmens steigern, indem Gesch\u00e4ftsprozesse durch Investitionen in die Informations- und Kommunikationstechnologie (IKT) und Neueinstellungen verbessert werden.<\/li>\n<li>Die Marktposition des Unternehmens in bestehenden und neuen Zielm\u00e4rkten st\u00e4rken.<\/li>\n<\/ol>\n<p>Das Projekt umfasste folgende Aktivit\u00e4ten:\u00a0\u00a0<\/p>\n<ol>\n<li>Beschaffung von Software<\/li>\n<li>Beschaffung von Computer- und Kommunikationsausr\u00fcstung<\/li>\n<li>Mitarbeiterschulung<\/li>\n<li>Projektmanagement<\/li>\n<li>Werbung und Sichtbarkeit<\/li>\n<\/ol>\n<p><strong>ZIELE UND ERWARTETE ERGEBNISSE DES PROJEKTS<br \/><\/strong>Das Hauptziel der Umsetzung des Projektvorschlags ist Effizienzsteigerung und Wettbewerbsf\u00e4higkeitsverbesserung durch Informations- und Kommunikationstechnologie (IKT).<\/p>\n<p>Spezifische Projektziele sind:<\/p>\n<ol>\n<li>Technische Voraussetzungen f\u00fcr Verbesserung von Gesch\u00e4ftsprozessen des Unternehmens schaffen<\/li>\n<li>Gesch\u00e4ftsprozesse des Unternehmens verbessern und optimieren<\/li>\n<li>Die Fortsetzung der Optimierung von Gesch\u00e4ftsprozessen des Unternehmens erm\u00f6glichen<\/li>\n<\/ol>\n<p><strong>GESAMTWERT DES PROJEKTS UND DER VON DER EU MITFINANZIERTE BETRAG (in HRK)<\/strong><\/p>\n<ul>\n<li>Der Gesamtwert des Projekts betr\u00e4gt: 1.630.322,70 HRK<\/li>\n<li>Gesamtwert des Projekts (f\u00f6rderf\u00e4hige Kosten) betr\u00e4gt: 1.286.582,16 HRK<\/li>\n<li>EU-Anteil in der Finazierung des Projekts betr\u00e4gt: 836.278,40 HRK<\/li>\n<\/ul>\n<p><strong>DURCHF\u00dcHRUNGSZEITRAUM DES PROJEKTS<br \/><\/strong>04.11.2019 \u2013 04.09.2021<\/p>\n<p><strong>ANSPRECHPARTNERIN:<br \/><\/strong>Lidija Branilovi\u0107-Kova\u010di\u0107<br \/>lidija@strojarstvo-branilovic.hr<\/p>\n<p><strong>Das Projekt wurde von der Europ\u00e4ischen Union aus dem Europ\u00e4ischen Fonds f\u00fcr regionale Entwicklung mitfinanziert.<br \/><\/strong>Der Inhalt dieser Publikation\/gesendeten Materials liegt in der alleinigen Verantwortung des Unternehmens<\/p>\n<p>Weitere Informationen finden Sie unter:<\/p>\n<ul>\n<li aria-level=\"1\"><a href=\"https:\/\/www.strukturnifondovi.hr\/\">www.strukturnifondovi.hr\/<\/a><\/li>\n<li aria-level=\"1\"><a href=\"https:\/\/strukturnifondovi.hr\/eu-fondovi\/esi-fondovi-2014-2020\/op-konkurentnost-i-kohezija\/\">https:\/\/strukturnifondovi.hr\/eu-fondovi\/esi-fondovi-2014-2020\/op-konkurentnost-i-kohezija\/<\/a><\/li>\n<\/ul>\t\t\t\t\t\t\t\t<\/div>\n\t\t\t\t<\/div>\n\t\t\t\t<div class=\"elementor-element elementor-element-10f7680 elementor-widget elementor-widget-image\" data-id=\"10f7680\" data-element_type=\"widget\" data-e-type=\"widget\" data-widget_type=\"image.default\">\n\t\t\t\t<div class=\"elementor-widget-container\">\n\t\t\t\t\t\t\t\t\t\t\t\t\t\t\t<img fetchpriority=\"high\" decoding=\"async\" width=\"960\" height=\"200\" src=\"https:\/\/strojarstvo-branilovic.hr\/wp-content\/uploads\/2021\/02\/amblem1-min.png\" class=\"attachment-large size-large wp-image-8550\" alt=\"\" srcset=\"https:\/\/strojarstvo-branilovic.hr\/wp-content\/uploads\/2021\/02\/amblem1-min.png 960w, https:\/\/strojarstvo-branilovic.hr\/wp-content\/uploads\/2021\/02\/amblem1-min-300x63.png 300w, https:\/\/strojarstvo-branilovic.hr\/wp-content\/uploads\/2021\/02\/amblem1-min-768x160.png 768w\" sizes=\"(max-width: 960px) 100vw, 960px\" \/>\t\t\t\t\t\t\t\t\t\t\t\t\t\t\t<\/div>\n\t\t\t\t<\/div>\n\t\t\t\t<div class=\"elementor-element elementor-element-72188a0 elementor-widget elementor-widget-image\" data-id=\"72188a0\" data-element_type=\"widget\" data-e-type=\"widget\" data-widget_type=\"image.default\">\n\t\t\t\t<div class=\"elementor-widget-container\">\n\t\t\t\t\t\t\t\t\t\t\t\t\t\t\t<img decoding=\"async\" width=\"944\" height=\"164\" src=\"https:\/\/strojarstvo-branilovic.hr\/wp-content\/uploads\/2023\/04\/eu-projekt-banner-2.png\" class=\"attachment-large size-large wp-image-8551\" alt=\"\" srcset=\"https:\/\/strojarstvo-branilovic.hr\/wp-content\/uploads\/2023\/04\/eu-projekt-banner-2.png 944w, https:\/\/strojarstvo-branilovic.hr\/wp-content\/uploads\/2023\/04\/eu-projekt-banner-2-300x52.png 300w, https:\/\/strojarstvo-branilovic.hr\/wp-content\/uploads\/2023\/04\/eu-projekt-banner-2-768x133.png 768w\" sizes=\"(max-width: 944px) 100vw, 944px\" \/>\t\t\t\t\t\t\t\t\t\t\t\t\t\t\t<\/div>\n\t\t\t\t<\/div>\n\t\t\t\t\t<\/div>\n\t\t<\/div>\n\t\t\t\t\t<\/div>\n\t\t<\/section>\n\t\t\t\t<\/div>\n\t\t","protected":false},"excerpt":{"rendered":"<p>PROJEKTNAME\u201eSteigerung der Wettbewerbsf\u00e4higkeit von STROJARSTVO BRANILOVI\u0106 d.o.o. durch IKT-Einsatz\u201cProjektnummer: KK.03.2.1.19.0695 KURZE PROJEKTBESCHREIBUNGDurch die Projektrealisierung erreicht STROJARSTVO BRANILOVI\u0106 d.o.o. folgende zwei spezifische Ziele: Effizienz und Wettbewerbsf\u00e4higkeit des Unternehmens steigern, indem Gesch\u00e4ftsprozesse durch Investitionen in die Informations- und Kommunikationstechnologie (IKT) und Neueinstellungen verbessert werden. Die Marktposition des Unternehmens in bestehenden und neuen Zielm\u00e4rkten st\u00e4rken. Das Projekt umfasste [&hellip;]<\/p>\n","protected":false},"author":1,"featured_media":0,"parent":0,"menu_order":19,"comment_status":"closed","ping_status":"closed","template":"","meta":{"_acf_changed":false,"footnotes":""},"class_list":["post-8561","page","type-page","status-publish","hentry"],"acf":[],"yoast_head":"<!-- This site is optimized with the Yoast SEO plugin v27.4 - https:\/\/yoast.com\/product\/yoast-seo-wordpress\/ -->\n<title>Steigerung der Wettbewerbsf\u00e4higkeit von STROJARSTVO BRANILOVI\u0106 d.o.o. durch IKT-Einsatz - Strojarstvo Branilovi\u0107<\/title>\n<meta name=\"robots\" content=\"index, follow, max-snippet:-1, max-image-preview:large, max-video-preview:-1\" \/>\n<link rel=\"canonical\" href=\"https:\/\/strojarstvo-branilovic.hr\/de\/steigerung-der-wettbewerbsfahigkeit-durch-ikt-einsatz\/\" \/>\n<meta property=\"og:locale\" content=\"de_DE\" \/>\n<meta property=\"og:type\" content=\"article\" \/>\n<meta property=\"og:title\" content=\"Steigerung der Wettbewerbsf\u00e4higkeit von STROJARSTVO BRANILOVI\u0106 d.o.o. durch IKT-Einsatz - Strojarstvo Branilovi\u0107\" \/>\n<meta property=\"og:description\" content=\"PROJEKTNAME\u201eSteigerung der Wettbewerbsf\u00e4higkeit von STROJARSTVO BRANILOVI\u0106 d.o.o. durch IKT-Einsatz\u201cProjektnummer: KK.03.2.1.19.0695 KURZE PROJEKTBESCHREIBUNGDurch die Projektrealisierung erreicht STROJARSTVO BRANILOVI\u0106 d.o.o. folgende zwei spezifische Ziele: Effizienz und Wettbewerbsf\u00e4higkeit des Unternehmens steigern, indem Gesch\u00e4ftsprozesse durch Investitionen in die Informations- und Kommunikationstechnologie (IKT) und Neueinstellungen verbessert werden. Die Marktposition des Unternehmens in bestehenden und neuen Zielm\u00e4rkten st\u00e4rken. Das Projekt umfasste [&hellip;]\" \/>\n<meta property=\"og:url\" content=\"https:\/\/strojarstvo-branilovic.hr\/de\/steigerung-der-wettbewerbsfahigkeit-durch-ikt-einsatz\/\" \/>\n<meta property=\"og:site_name\" content=\"Strojarstvo Branilovi\u0107\" \/>\n<meta property=\"article:modified_time\" content=\"2023-11-29T09:00:25+00:00\" \/>\n<meta property=\"og:image\" content=\"https:\/\/strojarstvo-branilovic.hr\/wp-content\/uploads\/2021\/02\/amblem1-min.png\" \/>\n<meta name=\"twitter:card\" content=\"summary_large_image\" \/>\n<script type=\"application\/ld+json\" class=\"yoast-schema-graph\">{\"@context\":\"https:\\\/\\\/schema.org\",\"@graph\":[{\"@type\":\"WebPage\",\"@id\":\"https:\\\/\\\/strojarstvo-branilovic.hr\\\/de\\\/steigerung-der-wettbewerbsfahigkeit-durch-ikt-einsatz\\\/\",\"url\":\"https:\\\/\\\/strojarstvo-branilovic.hr\\\/de\\\/steigerung-der-wettbewerbsfahigkeit-durch-ikt-einsatz\\\/\",\"name\":\"Steigerung der Wettbewerbsf\u00e4higkeit von STROJARSTVO BRANILOVI\u0106 d.o.o. durch IKT-Einsatz - Strojarstvo Branilovi\u0107\",\"isPartOf\":{\"@id\":\"https:\\\/\\\/strojarstvo-branilovic.hr\\\/de\\\/#website\"},\"primaryImageOfPage\":{\"@id\":\"https:\\\/\\\/strojarstvo-branilovic.hr\\\/de\\\/steigerung-der-wettbewerbsfahigkeit-durch-ikt-einsatz\\\/#primaryimage\"},\"image\":{\"@id\":\"https:\\\/\\\/strojarstvo-branilovic.hr\\\/de\\\/steigerung-der-wettbewerbsfahigkeit-durch-ikt-einsatz\\\/#primaryimage\"},\"thumbnailUrl\":\"https:\\\/\\\/strojarstvo-branilovic.hr\\\/wp-content\\\/uploads\\\/2021\\\/02\\\/amblem1-min.png\",\"datePublished\":\"2023-04-18T08:58:32+00:00\",\"dateModified\":\"2023-11-29T09:00:25+00:00\",\"breadcrumb\":{\"@id\":\"https:\\\/\\\/strojarstvo-branilovic.hr\\\/de\\\/steigerung-der-wettbewerbsfahigkeit-durch-ikt-einsatz\\\/#breadcrumb\"},\"inLanguage\":\"de\",\"potentialAction\":[{\"@type\":\"ReadAction\",\"target\":[\"https:\\\/\\\/strojarstvo-branilovic.hr\\\/de\\\/steigerung-der-wettbewerbsfahigkeit-durch-ikt-einsatz\\\/\"]}]},{\"@type\":\"ImageObject\",\"inLanguage\":\"de\",\"@id\":\"https:\\\/\\\/strojarstvo-branilovic.hr\\\/de\\\/steigerung-der-wettbewerbsfahigkeit-durch-ikt-einsatz\\\/#primaryimage\",\"url\":\"https:\\\/\\\/strojarstvo-branilovic.hr\\\/wp-content\\\/uploads\\\/2021\\\/02\\\/amblem1-min.png\",\"contentUrl\":\"https:\\\/\\\/strojarstvo-branilovic.hr\\\/wp-content\\\/uploads\\\/2021\\\/02\\\/amblem1-min.png\"},{\"@type\":\"BreadcrumbList\",\"@id\":\"https:\\\/\\\/strojarstvo-branilovic.hr\\\/de\\\/steigerung-der-wettbewerbsfahigkeit-durch-ikt-einsatz\\\/#breadcrumb\",\"itemListElement\":[{\"@type\":\"ListItem\",\"position\":1,\"name\":\"Po\u010detna stranica\",\"item\":\"https:\\\/\\\/strojarstvo-branilovic.hr\\\/de\\\/\"},{\"@type\":\"ListItem\",\"position\":2,\"name\":\"Steigerung der Wettbewerbsf\u00e4higkeit von STROJARSTVO BRANILOVI\u0106 d.o.o. durch IKT-Einsatz\"}]},{\"@type\":\"WebSite\",\"@id\":\"https:\\\/\\\/strojarstvo-branilovic.hr\\\/de\\\/#website\",\"url\":\"https:\\\/\\\/strojarstvo-branilovic.hr\\\/de\\\/\",\"name\":\"Strojarstvo Branilovi\u0107\",\"description\":\"\",\"publisher\":{\"@id\":\"https:\\\/\\\/strojarstvo-branilovic.hr\\\/de\\\/#organization\"},\"potentialAction\":[{\"@type\":\"SearchAction\",\"target\":{\"@type\":\"EntryPoint\",\"urlTemplate\":\"https:\\\/\\\/strojarstvo-branilovic.hr\\\/de\\\/?s={search_term_string}\"},\"query-input\":{\"@type\":\"PropertyValueSpecification\",\"valueRequired\":true,\"valueName\":\"search_term_string\"}}],\"inLanguage\":\"de\"},{\"@type\":\"Organization\",\"@id\":\"https:\\\/\\\/strojarstvo-branilovic.hr\\\/de\\\/#organization\",\"name\":\"Strojarstvo Branilovi\u0107\",\"url\":\"https:\\\/\\\/strojarstvo-branilovic.hr\\\/de\\\/\",\"logo\":{\"@type\":\"ImageObject\",\"inLanguage\":\"de\",\"@id\":\"https:\\\/\\\/strojarstvo-branilovic.hr\\\/de\\\/#\\\/schema\\\/logo\\\/image\\\/\",\"url\":\"https:\\\/\\\/strojarstvo-branilovic.hr\\\/wp-content\\\/uploads\\\/2021\\\/12\\\/logo.png\",\"contentUrl\":\"https:\\\/\\\/strojarstvo-branilovic.hr\\\/wp-content\\\/uploads\\\/2021\\\/12\\\/logo.png\",\"width\":558,\"height\":371,\"caption\":\"Strojarstvo Branilovi\u0107\"},\"image\":{\"@id\":\"https:\\\/\\\/strojarstvo-branilovic.hr\\\/de\\\/#\\\/schema\\\/logo\\\/image\\\/\"}}]}<\/script>\n<!-- \/ Yoast SEO plugin. -->","yoast_head_json":{"title":"Steigerung der Wettbewerbsf\u00e4higkeit von STROJARSTVO BRANILOVI\u0106 d.o.o. durch IKT-Einsatz - Strojarstvo Branilovi\u0107","robots":{"index":"index","follow":"follow","max-snippet":"max-snippet:-1","max-image-preview":"max-image-preview:large","max-video-preview":"max-video-preview:-1"},"canonical":"https:\/\/strojarstvo-branilovic.hr\/de\/steigerung-der-wettbewerbsfahigkeit-durch-ikt-einsatz\/","og_locale":"de_DE","og_type":"article","og_title":"Steigerung der Wettbewerbsf\u00e4higkeit von STROJARSTVO BRANILOVI\u0106 d.o.o. durch IKT-Einsatz - Strojarstvo Branilovi\u0107","og_description":"PROJEKTNAME\u201eSteigerung der Wettbewerbsf\u00e4higkeit von STROJARSTVO BRANILOVI\u0106 d.o.o. durch IKT-Einsatz\u201cProjektnummer: KK.03.2.1.19.0695 KURZE PROJEKTBESCHREIBUNGDurch die Projektrealisierung erreicht STROJARSTVO BRANILOVI\u0106 d.o.o. folgende zwei spezifische Ziele: Effizienz und Wettbewerbsf\u00e4higkeit des Unternehmens steigern, indem Gesch\u00e4ftsprozesse durch Investitionen in die Informations- und Kommunikationstechnologie (IKT) und Neueinstellungen verbessert werden. Die Marktposition des Unternehmens in bestehenden und neuen Zielm\u00e4rkten st\u00e4rken. Das Projekt umfasste [&hellip;]","og_url":"https:\/\/strojarstvo-branilovic.hr\/de\/steigerung-der-wettbewerbsfahigkeit-durch-ikt-einsatz\/","og_site_name":"Strojarstvo Branilovi\u0107","article_modified_time":"2023-11-29T09:00:25+00:00","og_image":[{"url":"https:\/\/strojarstvo-branilovic.hr\/wp-content\/uploads\/2021\/02\/amblem1-min.png","type":"","width":"","height":""}],"twitter_card":"summary_large_image","schema":{"@context":"https:\/\/schema.org","@graph":[{"@type":"WebPage","@id":"https:\/\/strojarstvo-branilovic.hr\/de\/steigerung-der-wettbewerbsfahigkeit-durch-ikt-einsatz\/","url":"https:\/\/strojarstvo-branilovic.hr\/de\/steigerung-der-wettbewerbsfahigkeit-durch-ikt-einsatz\/","name":"Steigerung der Wettbewerbsf\u00e4higkeit von STROJARSTVO BRANILOVI\u0106 d.o.o. durch IKT-Einsatz - Strojarstvo Branilovi\u0107","isPartOf":{"@id":"https:\/\/strojarstvo-branilovic.hr\/de\/#website"},"primaryImageOfPage":{"@id":"https:\/\/strojarstvo-branilovic.hr\/de\/steigerung-der-wettbewerbsfahigkeit-durch-ikt-einsatz\/#primaryimage"},"image":{"@id":"https:\/\/strojarstvo-branilovic.hr\/de\/steigerung-der-wettbewerbsfahigkeit-durch-ikt-einsatz\/#primaryimage"},"thumbnailUrl":"https:\/\/strojarstvo-branilovic.hr\/wp-content\/uploads\/2021\/02\/amblem1-min.png","datePublished":"2023-04-18T08:58:32+00:00","dateModified":"2023-11-29T09:00:25+00:00","breadcrumb":{"@id":"https:\/\/strojarstvo-branilovic.hr\/de\/steigerung-der-wettbewerbsfahigkeit-durch-ikt-einsatz\/#breadcrumb"},"inLanguage":"de","potentialAction":[{"@type":"ReadAction","target":["https:\/\/strojarstvo-branilovic.hr\/de\/steigerung-der-wettbewerbsfahigkeit-durch-ikt-einsatz\/"]}]},{"@type":"ImageObject","inLanguage":"de","@id":"https:\/\/strojarstvo-branilovic.hr\/de\/steigerung-der-wettbewerbsfahigkeit-durch-ikt-einsatz\/#primaryimage","url":"https:\/\/strojarstvo-branilovic.hr\/wp-content\/uploads\/2021\/02\/amblem1-min.png","contentUrl":"https:\/\/strojarstvo-branilovic.hr\/wp-content\/uploads\/2021\/02\/amblem1-min.png"},{"@type":"BreadcrumbList","@id":"https:\/\/strojarstvo-branilovic.hr\/de\/steigerung-der-wettbewerbsfahigkeit-durch-ikt-einsatz\/#breadcrumb","itemListElement":[{"@type":"ListItem","position":1,"name":"Po\u010detna stranica","item":"https:\/\/strojarstvo-branilovic.hr\/de\/"},{"@type":"ListItem","position":2,"name":"Steigerung der Wettbewerbsf\u00e4higkeit von STROJARSTVO BRANILOVI\u0106 d.o.o. durch IKT-Einsatz"}]},{"@type":"WebSite","@id":"https:\/\/strojarstvo-branilovic.hr\/de\/#website","url":"https:\/\/strojarstvo-branilovic.hr\/de\/","name":"Strojarstvo Branilovi\u0107","description":"","publisher":{"@id":"https:\/\/strojarstvo-branilovic.hr\/de\/#organization"},"potentialAction":[{"@type":"SearchAction","target":{"@type":"EntryPoint","urlTemplate":"https:\/\/strojarstvo-branilovic.hr\/de\/?s={search_term_string}"},"query-input":{"@type":"PropertyValueSpecification","valueRequired":true,"valueName":"search_term_string"}}],"inLanguage":"de"},{"@type":"Organization","@id":"https:\/\/strojarstvo-branilovic.hr\/de\/#organization","name":"Strojarstvo Branilovi\u0107","url":"https:\/\/strojarstvo-branilovic.hr\/de\/","logo":{"@type":"ImageObject","inLanguage":"de","@id":"https:\/\/strojarstvo-branilovic.hr\/de\/#\/schema\/logo\/image\/","url":"https:\/\/strojarstvo-branilovic.hr\/wp-content\/uploads\/2021\/12\/logo.png","contentUrl":"https:\/\/strojarstvo-branilovic.hr\/wp-content\/uploads\/2021\/12\/logo.png","width":558,"height":371,"caption":"Strojarstvo Branilovi\u0107"},"image":{"@id":"https:\/\/strojarstvo-branilovic.hr\/de\/#\/schema\/logo\/image\/"}}]}},"_links":{"self":[{"href":"https:\/\/strojarstvo-branilovic.hr\/de\/wp-json\/wp\/v2\/pages\/8561","targetHints":{"allow":["GET"]}}],"collection":[{"href":"https:\/\/strojarstvo-branilovic.hr\/de\/wp-json\/wp\/v2\/pages"}],"about":[{"href":"https:\/\/strojarstvo-branilovic.hr\/de\/wp-json\/wp\/v2\/types\/page"}],"author":[{"embeddable":true,"href":"https:\/\/strojarstvo-branilovic.hr\/de\/wp-json\/wp\/v2\/users\/1"}],"replies":[{"embeddable":true,"href":"https:\/\/strojarstvo-branilovic.hr\/de\/wp-json\/wp\/v2\/comments?post=8561"}],"version-history":[{"count":4,"href":"https:\/\/strojarstvo-branilovic.hr\/de\/wp-json\/wp\/v2\/pages\/8561\/revisions"}],"predecessor-version":[{"id":8565,"href":"https:\/\/strojarstvo-branilovic.hr\/de\/wp-json\/wp\/v2\/pages\/8561\/revisions\/8565"}],"wp:attachment":[{"href":"https:\/\/strojarstvo-branilovic.hr\/de\/wp-json\/wp\/v2\/media?parent=8561"}],"curies":[{"name":"wp","href":"https:\/\/api.w.org\/{rel}","templated":true}]}}