{"id":8547,"date":"2021-02-25T09:54:18","date_gmt":"2021-02-25T08:54:18","guid":{"rendered":"https:\/\/strojarstvo-branilovic.hr\/eu-projekti\/"},"modified":"2023-11-29T09:50:47","modified_gmt":"2023-11-29T08:50:47","slug":"eu-projekti","status":"publish","type":"page","link":"https:\/\/strojarstvo-branilovic.hr\/de\/steigerung-von-energieeffizienz\/","title":{"rendered":"Steigerung von Energieeffizienz und Einf\u00fchrung von Nachhaltigkeit in STROJARSTVO BRANILOVI\u0106 d.o.o."},"content":{"rendered":"\t\t<div data-elementor-type=\"wp-page\" data-elementor-id=\"8547\" class=\"elementor elementor-8547 elementor-5818\">\n\t\t\t\t\t\t<section class=\"elementor-section elementor-top-section elementor-element elementor-element-f5d897b elementor-section-boxed elementor-section-height-default elementor-section-height-default qodef-elementor-content-no\" data-id=\"f5d897b\" data-element_type=\"section\" data-e-type=\"section\">\n\t\t\t\t\t\t<div class=\"elementor-container elementor-column-gap-default\">\n\t\t\t\t\t<div class=\"elementor-column elementor-col-100 elementor-top-column elementor-element elementor-element-35b1842\" data-id=\"35b1842\" data-element_type=\"column\" data-e-type=\"column\">\n\t\t\t<div class=\"elementor-widget-wrap elementor-element-populated\">\n\t\t\t\t\t\t<div class=\"elementor-element elementor-element-20fe55c elementor-widget elementor-widget-text-editor\" data-id=\"20fe55c\" data-element_type=\"widget\" data-e-type=\"widget\" data-widget_type=\"text-editor.default\">\n\t\t\t\t<div class=\"elementor-widget-container\">\n\t\t\t\t\t\t\t\t\t<p><strong>NAME DES BEG\u00dcNSTIGTEN:<\/strong><br \/>STROJARSTVO BRANILOVI\u0106 d.o.o.<\/p>\n<p><strong>PROJEKTNAME:<\/strong><br \/>Steigerung der Energieeffizienz und Einf\u00fchrung erneuerbarer Energiequellen bei STROJARSTVO BRANILOVI\u0106 d.o.o.<\/p>\n<p><strong>PROJEKTBESCHREIBUNG<br \/><\/strong>Durch das Projekt \u201cSteigerung der Energieeffizienz und Einf\u00fchrung erneuerbarer Energiequellen bei STROJARSTVO BRANILOVI\u0106 d.o.o.\u201d hat das Unternehmen die Energieeffizienz von Produktionsgeb\u00e4ude\u00a0 und B\u00fcrofl\u00e4chen erh\u00f6ht, indem die \u00e4u\u00dfere Geb\u00e4udeh\u00fclle renoviert wurde und innere Beleuchtung sowohl in Produktionsanlagen als auch in B\u00fcror\u00e4umen durch energieeffizientere ausgetauscht wurde.<\/p>\n<p>Bei der Renovierung der \u00e4u\u00dferen Geb\u00e4udeh\u00fclle wurden folgende Aktivit\u00e4ten durchgef\u00fchrt:<\/p>\n<ul>\n<li>Rekonstruktion der \u00e4u\u00dferen Fassadenw\u00e4nde (W\u00e4rmed\u00e4mmung mithilfe Blechpaneelen).<\/li>\n<li>Dachsanierung (Demontage bestehender Dachabdeckungen, Ausf\u00fchrung von W\u00e4rmed\u00e4mmung und Blechdachmontage) und<\/li>\n<li>Erneuerung der \u00e4u\u00dferen T\u00fcren und Fenster (Demontage von alten und Montage neuer PVC-T\u00fcren und \u2013Fenstern).<\/li>\n<\/ul>\n<p>Das Unternehmen hat auch im Rahmen dieses Projektes eine Photovoltaikanlage auf dem Dach des Produktionsgeb\u00e4udes aufgebaut, mit einer Nennleistung von 180 kW, um Strom f\u00fcr den eigenen Produktionsprozess zu erzeugen, wodurch das Unternehmen Nutzung von Energie aus erneuerbaren Energiequellen f\u00f6rdert.\u00a0<\/p>\n<p><strong>ZIELE UND ERWARTETE RESULTATE:<\/strong><\/p>\n<ul>\n<li>Steigerung von Energieeffizienz (um eine gleiche Produktmenge mit weniger Energie zu produzieren)<\/li>\n<li>Den Anteil von konventioneller (fossiler) Brennstoffe am Gesamtenergieverbrauch zu reduzieren<\/li>\n<li>Zur Umstellung Kroatiens auf eine kohlenstoffarme Wirtschaft beitragen.\u00a0<\/li>\n<\/ul>\n<p><strong>Gesamtwert des Projektes:<\/strong> 7.604.510,53 HRK<br \/><strong>Aus Mitteln der EU gef\u00f6rderte Kosten:<\/strong> 3.094.352,93 HRK<br \/><strong>Durchf\u00fchrungszeitraum des Projekts:<\/strong> 28.11.2017 \u2013 27.11.2019<\/p>\n<p><strong>ANSPRECHPARTNERIN:<\/strong><br \/>Lidija Branilovi\u0107-Kova\u010di\u0107<br \/>lidija@strojarstvo-branilovic.hr<\/p>\n<p><strong>Das Projekt wurde von der Europ\u00e4ischen Union aus dem Europ\u00e4ischen Fonds f\u00fcr regionale Entwicklung mitfinanziert.<br \/><\/strong>Der Inhalt dieser Publikation\/gesendeten Materials liegt in der alleinigen Verantwortung des Unternehmens STROJARSTVO BRANILOVI\u0106\u00a0 d.o.o.<br \/>Weitere Informationen finden Sie unter: <a href=\"https:\/\/www.strukturnifondovi.hr\/\" target=\"_blank\" rel=\"noopener noreferrer\">www.strukturnifondovi.hr\/<\/a><\/p>\t\t\t\t\t\t\t\t<\/div>\n\t\t\t\t<\/div>\n\t\t\t\t<div class=\"elementor-element elementor-element-10f7680 elementor-widget elementor-widget-image\" data-id=\"10f7680\" data-element_type=\"widget\" data-e-type=\"widget\" data-widget_type=\"image.default\">\n\t\t\t\t<div class=\"elementor-widget-container\">\n\t\t\t\t\t\t\t\t\t\t\t\t\t\t\t<img fetchpriority=\"high\" decoding=\"async\" width=\"960\" height=\"200\" src=\"https:\/\/strojarstvo-branilovic.hr\/wp-content\/uploads\/2021\/02\/amblem1-min.png\" class=\"attachment-large size-large wp-image-8550\" alt=\"\" srcset=\"https:\/\/strojarstvo-branilovic.hr\/wp-content\/uploads\/2021\/02\/amblem1-min.png 960w, https:\/\/strojarstvo-branilovic.hr\/wp-content\/uploads\/2021\/02\/amblem1-min-300x63.png 300w, https:\/\/strojarstvo-branilovic.hr\/wp-content\/uploads\/2021\/02\/amblem1-min-768x160.png 768w\" sizes=\"(max-width: 960px) 100vw, 960px\" \/>\t\t\t\t\t\t\t\t\t\t\t\t\t\t\t<\/div>\n\t\t\t\t<\/div>\n\t\t\t\t<div class=\"elementor-element elementor-element-72188a0 elementor-widget elementor-widget-image\" data-id=\"72188a0\" data-element_type=\"widget\" data-e-type=\"widget\" data-widget_type=\"image.default\">\n\t\t\t\t<div class=\"elementor-widget-container\">\n\t\t\t\t\t\t\t\t\t\t\t\t\t\t\t<img decoding=\"async\" width=\"944\" height=\"164\" src=\"https:\/\/strojarstvo-branilovic.hr\/wp-content\/uploads\/2023\/04\/eu-projekt-banner-2.png\" class=\"attachment-large size-large wp-image-8551\" alt=\"\" srcset=\"https:\/\/strojarstvo-branilovic.hr\/wp-content\/uploads\/2023\/04\/eu-projekt-banner-2.png 944w, https:\/\/strojarstvo-branilovic.hr\/wp-content\/uploads\/2023\/04\/eu-projekt-banner-2-300x52.png 300w, https:\/\/strojarstvo-branilovic.hr\/wp-content\/uploads\/2023\/04\/eu-projekt-banner-2-768x133.png 768w\" sizes=\"(max-width: 944px) 100vw, 944px\" \/>\t\t\t\t\t\t\t\t\t\t\t\t\t\t\t<\/div>\n\t\t\t\t<\/div>\n\t\t\t\t\t<\/div>\n\t\t<\/div>\n\t\t\t\t\t<\/div>\n\t\t<\/section>\n\t\t\t\t<\/div>\n\t\t","protected":false},"excerpt":{"rendered":"<p>NAME DES BEG\u00dcNSTIGTEN:STROJARSTVO BRANILOVI\u0106 d.o.o. PROJEKTNAME:Steigerung der Energieeffizienz und Einf\u00fchrung erneuerbarer Energiequellen bei STROJARSTVO BRANILOVI\u0106 d.o.o. PROJEKTBESCHREIBUNGDurch das Projekt \u201cSteigerung der Energieeffizienz und Einf\u00fchrung erneuerbarer Energiequellen bei STROJARSTVO BRANILOVI\u0106 d.o.o.\u201d hat das Unternehmen die Energieeffizienz von Produktionsgeb\u00e4ude\u00a0 und B\u00fcrofl\u00e4chen erh\u00f6ht, indem die \u00e4u\u00dfere Geb\u00e4udeh\u00fclle renoviert wurde und innere Beleuchtung sowohl in Produktionsanlagen als auch in [&hellip;]<\/p>\n","protected":false},"author":1,"featured_media":0,"parent":0,"menu_order":17,"comment_status":"closed","ping_status":"closed","template":"","meta":{"_acf_changed":false,"footnotes":""},"class_list":["post-8547","page","type-page","status-publish","hentry"],"acf":[],"yoast_head":"<!-- This site is optimized with the Yoast SEO plugin v27.4 - https:\/\/yoast.com\/product\/yoast-seo-wordpress\/ -->\n<title>Steigerung von Energieeffizienz und Einf\u00fchrung von Nachhaltigkeit in STROJARSTVO BRANILOVI\u0106 d.o.o. - Strojarstvo Branilovi\u0107<\/title>\n<meta name=\"robots\" content=\"index, follow, max-snippet:-1, max-image-preview:large, max-video-preview:-1\" \/>\n<link rel=\"canonical\" href=\"https:\/\/strojarstvo-branilovic.hr\/de\/steigerung-von-energieeffizienz\/\" \/>\n<meta property=\"og:locale\" content=\"de_DE\" \/>\n<meta property=\"og:type\" content=\"article\" \/>\n<meta property=\"og:title\" content=\"Steigerung von Energieeffizienz und Einf\u00fchrung von Nachhaltigkeit in STROJARSTVO BRANILOVI\u0106 d.o.o. - Strojarstvo Branilovi\u0107\" \/>\n<meta property=\"og:description\" content=\"NAME DES BEG\u00dcNSTIGTEN:STROJARSTVO BRANILOVI\u0106 d.o.o. PROJEKTNAME:Steigerung der Energieeffizienz und Einf\u00fchrung erneuerbarer Energiequellen bei STROJARSTVO BRANILOVI\u0106 d.o.o. PROJEKTBESCHREIBUNGDurch das Projekt \u201cSteigerung der Energieeffizienz und Einf\u00fchrung erneuerbarer Energiequellen bei STROJARSTVO BRANILOVI\u0106 d.o.o.\u201d hat das Unternehmen die Energieeffizienz von Produktionsgeb\u00e4ude\u00a0 und B\u00fcrofl\u00e4chen erh\u00f6ht, indem die \u00e4u\u00dfere Geb\u00e4udeh\u00fclle renoviert wurde und innere Beleuchtung sowohl in Produktionsanlagen als auch in [&hellip;]\" \/>\n<meta property=\"og:url\" content=\"https:\/\/strojarstvo-branilovic.hr\/de\/steigerung-von-energieeffizienz\/\" \/>\n<meta property=\"og:site_name\" content=\"Strojarstvo Branilovi\u0107\" \/>\n<meta property=\"article:modified_time\" content=\"2023-11-29T08:50:47+00:00\" \/>\n<meta property=\"og:image\" content=\"https:\/\/strojarstvo-branilovic.hr\/wp-content\/uploads\/2021\/02\/amblem1-min.png\" \/>\n<meta name=\"twitter:card\" content=\"summary_large_image\" \/>\n<script type=\"application\/ld+json\" class=\"yoast-schema-graph\">{\"@context\":\"https:\\\/\\\/schema.org\",\"@graph\":[{\"@type\":\"WebPage\",\"@id\":\"https:\\\/\\\/strojarstvo-branilovic.hr\\\/de\\\/steigerung-von-energieeffizienz\\\/\",\"url\":\"https:\\\/\\\/strojarstvo-branilovic.hr\\\/de\\\/steigerung-von-energieeffizienz\\\/\",\"name\":\"Steigerung von Energieeffizienz und Einf\u00fchrung von Nachhaltigkeit in STROJARSTVO BRANILOVI\u0106 d.o.o. - Strojarstvo Branilovi\u0107\",\"isPartOf\":{\"@id\":\"https:\\\/\\\/strojarstvo-branilovic.hr\\\/de\\\/#website\"},\"primaryImageOfPage\":{\"@id\":\"https:\\\/\\\/strojarstvo-branilovic.hr\\\/de\\\/steigerung-von-energieeffizienz\\\/#primaryimage\"},\"image\":{\"@id\":\"https:\\\/\\\/strojarstvo-branilovic.hr\\\/de\\\/steigerung-von-energieeffizienz\\\/#primaryimage\"},\"thumbnailUrl\":\"https:\\\/\\\/strojarstvo-branilovic.hr\\\/wp-content\\\/uploads\\\/2021\\\/02\\\/amblem1-min.png\",\"datePublished\":\"2021-02-25T08:54:18+00:00\",\"dateModified\":\"2023-11-29T08:50:47+00:00\",\"breadcrumb\":{\"@id\":\"https:\\\/\\\/strojarstvo-branilovic.hr\\\/de\\\/steigerung-von-energieeffizienz\\\/#breadcrumb\"},\"inLanguage\":\"de\",\"potentialAction\":[{\"@type\":\"ReadAction\",\"target\":[\"https:\\\/\\\/strojarstvo-branilovic.hr\\\/de\\\/steigerung-von-energieeffizienz\\\/\"]}]},{\"@type\":\"ImageObject\",\"inLanguage\":\"de\",\"@id\":\"https:\\\/\\\/strojarstvo-branilovic.hr\\\/de\\\/steigerung-von-energieeffizienz\\\/#primaryimage\",\"url\":\"https:\\\/\\\/strojarstvo-branilovic.hr\\\/wp-content\\\/uploads\\\/2021\\\/02\\\/amblem1-min.png\",\"contentUrl\":\"https:\\\/\\\/strojarstvo-branilovic.hr\\\/wp-content\\\/uploads\\\/2021\\\/02\\\/amblem1-min.png\"},{\"@type\":\"BreadcrumbList\",\"@id\":\"https:\\\/\\\/strojarstvo-branilovic.hr\\\/de\\\/steigerung-von-energieeffizienz\\\/#breadcrumb\",\"itemListElement\":[{\"@type\":\"ListItem\",\"position\":1,\"name\":\"Po\u010detna stranica\",\"item\":\"https:\\\/\\\/strojarstvo-branilovic.hr\\\/de\\\/\"},{\"@type\":\"ListItem\",\"position\":2,\"name\":\"Steigerung von Energieeffizienz und Einf\u00fchrung von Nachhaltigkeit in STROJARSTVO BRANILOVI\u0106 d.o.o.\"}]},{\"@type\":\"WebSite\",\"@id\":\"https:\\\/\\\/strojarstvo-branilovic.hr\\\/de\\\/#website\",\"url\":\"https:\\\/\\\/strojarstvo-branilovic.hr\\\/de\\\/\",\"name\":\"Strojarstvo Branilovi\u0107\",\"description\":\"\",\"publisher\":{\"@id\":\"https:\\\/\\\/strojarstvo-branilovic.hr\\\/de\\\/#organization\"},\"potentialAction\":[{\"@type\":\"SearchAction\",\"target\":{\"@type\":\"EntryPoint\",\"urlTemplate\":\"https:\\\/\\\/strojarstvo-branilovic.hr\\\/de\\\/?s={search_term_string}\"},\"query-input\":{\"@type\":\"PropertyValueSpecification\",\"valueRequired\":true,\"valueName\":\"search_term_string\"}}],\"inLanguage\":\"de\"},{\"@type\":\"Organization\",\"@id\":\"https:\\\/\\\/strojarstvo-branilovic.hr\\\/de\\\/#organization\",\"name\":\"Strojarstvo Branilovi\u0107\",\"url\":\"https:\\\/\\\/strojarstvo-branilovic.hr\\\/de\\\/\",\"logo\":{\"@type\":\"ImageObject\",\"inLanguage\":\"de\",\"@id\":\"https:\\\/\\\/strojarstvo-branilovic.hr\\\/de\\\/#\\\/schema\\\/logo\\\/image\\\/\",\"url\":\"https:\\\/\\\/strojarstvo-branilovic.hr\\\/wp-content\\\/uploads\\\/2021\\\/12\\\/logo.png\",\"contentUrl\":\"https:\\\/\\\/strojarstvo-branilovic.hr\\\/wp-content\\\/uploads\\\/2021\\\/12\\\/logo.png\",\"width\":558,\"height\":371,\"caption\":\"Strojarstvo Branilovi\u0107\"},\"image\":{\"@id\":\"https:\\\/\\\/strojarstvo-branilovic.hr\\\/de\\\/#\\\/schema\\\/logo\\\/image\\\/\"}}]}<\/script>\n<!-- \/ Yoast SEO plugin. -->","yoast_head_json":{"title":"Steigerung von Energieeffizienz und Einf\u00fchrung von Nachhaltigkeit in STROJARSTVO BRANILOVI\u0106 d.o.o. - Strojarstvo Branilovi\u0107","robots":{"index":"index","follow":"follow","max-snippet":"max-snippet:-1","max-image-preview":"max-image-preview:large","max-video-preview":"max-video-preview:-1"},"canonical":"https:\/\/strojarstvo-branilovic.hr\/de\/steigerung-von-energieeffizienz\/","og_locale":"de_DE","og_type":"article","og_title":"Steigerung von Energieeffizienz und Einf\u00fchrung von Nachhaltigkeit in STROJARSTVO BRANILOVI\u0106 d.o.o. - Strojarstvo Branilovi\u0107","og_description":"NAME DES BEG\u00dcNSTIGTEN:STROJARSTVO BRANILOVI\u0106 d.o.o. PROJEKTNAME:Steigerung der Energieeffizienz und Einf\u00fchrung erneuerbarer Energiequellen bei STROJARSTVO BRANILOVI\u0106 d.o.o. PROJEKTBESCHREIBUNGDurch das Projekt \u201cSteigerung der Energieeffizienz und Einf\u00fchrung erneuerbarer Energiequellen bei STROJARSTVO BRANILOVI\u0106 d.o.o.\u201d hat das Unternehmen die Energieeffizienz von Produktionsgeb\u00e4ude\u00a0 und B\u00fcrofl\u00e4chen erh\u00f6ht, indem die \u00e4u\u00dfere Geb\u00e4udeh\u00fclle renoviert wurde und innere Beleuchtung sowohl in Produktionsanlagen als auch in [&hellip;]","og_url":"https:\/\/strojarstvo-branilovic.hr\/de\/steigerung-von-energieeffizienz\/","og_site_name":"Strojarstvo Branilovi\u0107","article_modified_time":"2023-11-29T08:50:47+00:00","og_image":[{"url":"https:\/\/strojarstvo-branilovic.hr\/wp-content\/uploads\/2021\/02\/amblem1-min.png","type":"","width":"","height":""}],"twitter_card":"summary_large_image","schema":{"@context":"https:\/\/schema.org","@graph":[{"@type":"WebPage","@id":"https:\/\/strojarstvo-branilovic.hr\/de\/steigerung-von-energieeffizienz\/","url":"https:\/\/strojarstvo-branilovic.hr\/de\/steigerung-von-energieeffizienz\/","name":"Steigerung von Energieeffizienz und Einf\u00fchrung von Nachhaltigkeit in STROJARSTVO BRANILOVI\u0106 d.o.o. - Strojarstvo Branilovi\u0107","isPartOf":{"@id":"https:\/\/strojarstvo-branilovic.hr\/de\/#website"},"primaryImageOfPage":{"@id":"https:\/\/strojarstvo-branilovic.hr\/de\/steigerung-von-energieeffizienz\/#primaryimage"},"image":{"@id":"https:\/\/strojarstvo-branilovic.hr\/de\/steigerung-von-energieeffizienz\/#primaryimage"},"thumbnailUrl":"https:\/\/strojarstvo-branilovic.hr\/wp-content\/uploads\/2021\/02\/amblem1-min.png","datePublished":"2021-02-25T08:54:18+00:00","dateModified":"2023-11-29T08:50:47+00:00","breadcrumb":{"@id":"https:\/\/strojarstvo-branilovic.hr\/de\/steigerung-von-energieeffizienz\/#breadcrumb"},"inLanguage":"de","potentialAction":[{"@type":"ReadAction","target":["https:\/\/strojarstvo-branilovic.hr\/de\/steigerung-von-energieeffizienz\/"]}]},{"@type":"ImageObject","inLanguage":"de","@id":"https:\/\/strojarstvo-branilovic.hr\/de\/steigerung-von-energieeffizienz\/#primaryimage","url":"https:\/\/strojarstvo-branilovic.hr\/wp-content\/uploads\/2021\/02\/amblem1-min.png","contentUrl":"https:\/\/strojarstvo-branilovic.hr\/wp-content\/uploads\/2021\/02\/amblem1-min.png"},{"@type":"BreadcrumbList","@id":"https:\/\/strojarstvo-branilovic.hr\/de\/steigerung-von-energieeffizienz\/#breadcrumb","itemListElement":[{"@type":"ListItem","position":1,"name":"Po\u010detna stranica","item":"https:\/\/strojarstvo-branilovic.hr\/de\/"},{"@type":"ListItem","position":2,"name":"Steigerung von Energieeffizienz und Einf\u00fchrung von Nachhaltigkeit in STROJARSTVO BRANILOVI\u0106 d.o.o."}]},{"@type":"WebSite","@id":"https:\/\/strojarstvo-branilovic.hr\/de\/#website","url":"https:\/\/strojarstvo-branilovic.hr\/de\/","name":"Strojarstvo Branilovi\u0107","description":"","publisher":{"@id":"https:\/\/strojarstvo-branilovic.hr\/de\/#organization"},"potentialAction":[{"@type":"SearchAction","target":{"@type":"EntryPoint","urlTemplate":"https:\/\/strojarstvo-branilovic.hr\/de\/?s={search_term_string}"},"query-input":{"@type":"PropertyValueSpecification","valueRequired":true,"valueName":"search_term_string"}}],"inLanguage":"de"},{"@type":"Organization","@id":"https:\/\/strojarstvo-branilovic.hr\/de\/#organization","name":"Strojarstvo Branilovi\u0107","url":"https:\/\/strojarstvo-branilovic.hr\/de\/","logo":{"@type":"ImageObject","inLanguage":"de","@id":"https:\/\/strojarstvo-branilovic.hr\/de\/#\/schema\/logo\/image\/","url":"https:\/\/strojarstvo-branilovic.hr\/wp-content\/uploads\/2021\/12\/logo.png","contentUrl":"https:\/\/strojarstvo-branilovic.hr\/wp-content\/uploads\/2021\/12\/logo.png","width":558,"height":371,"caption":"Strojarstvo Branilovi\u0107"},"image":{"@id":"https:\/\/strojarstvo-branilovic.hr\/de\/#\/schema\/logo\/image\/"}}]}},"_links":{"self":[{"href":"https:\/\/strojarstvo-branilovic.hr\/de\/wp-json\/wp\/v2\/pages\/8547","targetHints":{"allow":["GET"]}}],"collection":[{"href":"https:\/\/strojarstvo-branilovic.hr\/de\/wp-json\/wp\/v2\/pages"}],"about":[{"href":"https:\/\/strojarstvo-branilovic.hr\/de\/wp-json\/wp\/v2\/types\/page"}],"author":[{"embeddable":true,"href":"https:\/\/strojarstvo-branilovic.hr\/de\/wp-json\/wp\/v2\/users\/1"}],"replies":[{"embeddable":true,"href":"https:\/\/strojarstvo-branilovic.hr\/de\/wp-json\/wp\/v2\/comments?post=8547"}],"version-history":[{"count":7,"href":"https:\/\/strojarstvo-branilovic.hr\/de\/wp-json\/wp\/v2\/pages\/8547\/revisions"}],"predecessor-version":[{"id":8560,"href":"https:\/\/strojarstvo-branilovic.hr\/de\/wp-json\/wp\/v2\/pages\/8547\/revisions\/8560"}],"wp:attachment":[{"href":"https:\/\/strojarstvo-branilovic.hr\/de\/wp-json\/wp\/v2\/media?parent=8547"}],"curies":[{"name":"wp","href":"https:\/\/api.w.org\/{rel}","templated":true}]}}