{"id":8534,"date":"2021-03-26T09:34:10","date_gmt":"2021-03-26T08:34:10","guid":{"rendered":"https:\/\/strojarstvo-branilovic.hr\/o-nama\/"},"modified":"2023-11-29T09:32:59","modified_gmt":"2023-11-29T08:32:59","slug":"o-nama","status":"publish","type":"page","link":"https:\/\/strojarstvo-branilovic.hr\/de\/uber-uns\/","title":{"rendered":"\u00dcber uns"},"content":{"rendered":"\t\t<div data-elementor-type=\"wp-page\" data-elementor-id=\"8534\" class=\"elementor elementor-8534 elementor-6227\">\n\t\t\t\t\t\t<section class=\"elementor-section elementor-top-section elementor-element elementor-element-ea222aa elementor-section-boxed elementor-section-height-default elementor-section-height-default qodef-elementor-content-no\" data-id=\"ea222aa\" data-element_type=\"section\" data-e-type=\"section\">\n\t\t\t\t\t\t<div class=\"elementor-container elementor-column-gap-default\">\n\t\t\t\t\t<div class=\"elementor-column elementor-col-100 elementor-top-column elementor-element elementor-element-882b4f3\" data-id=\"882b4f3\" data-element_type=\"column\" data-e-type=\"column\">\n\t\t\t<div class=\"elementor-widget-wrap elementor-element-populated\">\n\t\t\t\t\t\t<div class=\"elementor-element elementor-element-760ce62 elementor-widget elementor-widget-text-editor\" data-id=\"760ce62\" data-element_type=\"widget\" data-e-type=\"widget\" data-widget_type=\"text-editor.default\">\n\t\t\t\t<div class=\"elementor-widget-container\">\n\t\t\t\t\t\t\t\t\t<p>Die Geschichte unseres Unternehmens geht auf das Jahr 1990 zur\u00fcck, als es der Eigent\u00fcmer Dragutin Branilovi\u0107 als Handwerkbetrieb gr\u00fcndete. Seitdem haben wir uns dank st\u00e4ndigen Wachstums und Entwicklung zu einem etablierten Mittelstandsunternehmen entwickelt.<\/p>\n<p>Im Jahr 2012 ist aus dem Handwerksbetrieb eine juristische Person geworden, die all die Jahre unter dem heutigen Namen im Handelsregister \u201eStrojarstvo Branilovi\u0107 d.o.o.\u201c t\u00e4tig ist.<\/p>\n<p>Dank dem Engagement bei der Unternehmensentwicklung und der Vision eines st\u00e4ndigen Fortschritts hat unser Team derzeit 65 talentierte Mitarbeiter. Unser Unternehmen verf\u00fcgt \u00fcber Gesch\u00e4ftsr\u00e4ume von imposanten 47.000 m\u00b2, inklusive 4.500 m\u00b2 geschlossener Produktionsfl\u00e4chen und 1.000 m\u00b2 geschlossener Lagerfl\u00e4chen. Da unser Gesch\u00e4ft w\u00e4chst, bauen wir derzeit neue Produktionsanlagen auf 2.500 m\u00b2.<\/p>\t\t\t\t\t\t\t\t<\/div>\n\t\t\t\t<\/div>\n\t\t\t\t\t<\/div>\n\t\t<\/div>\n\t\t\t\t\t<\/div>\n\t\t<\/section>\n\t\t\t\t<section class=\"elementor-section elementor-top-section elementor-element elementor-element-e351ced elementor-section-boxed elementor-section-height-default elementor-section-height-default qodef-elementor-content-no\" data-id=\"e351ced\" data-element_type=\"section\" data-e-type=\"section\">\n\t\t\t\t\t\t<div class=\"elementor-container elementor-column-gap-default\">\n\t\t\t\t\t<div class=\"elementor-column elementor-col-100 elementor-top-column elementor-element elementor-element-b34d39e\" data-id=\"b34d39e\" data-element_type=\"column\" data-e-type=\"column\">\n\t\t\t<div class=\"elementor-widget-wrap elementor-element-populated\">\n\t\t\t\t\t\t<div class=\"elementor-element elementor-element-22d42e2 elementor-widget elementor-widget-image\" data-id=\"22d42e2\" data-element_type=\"widget\" data-e-type=\"widget\" data-widget_type=\"image.default\">\n\t\t\t\t<div class=\"elementor-widget-container\">\n\t\t\t\t\t\t\t\t\t\t\t\t\t\t\t<img fetchpriority=\"high\" decoding=\"async\" width=\"1024\" height=\"683\" src=\"https:\/\/strojarstvo-branilovic.hr\/wp-content\/uploads\/2023\/09\/o-nama-02-1024x683.jpg\" class=\"attachment-large size-large wp-image-7453\" alt=\"\" srcset=\"https:\/\/strojarstvo-branilovic.hr\/wp-content\/uploads\/2023\/09\/o-nama-02-1024x683.jpg 1024w, https:\/\/strojarstvo-branilovic.hr\/wp-content\/uploads\/2023\/09\/o-nama-02-300x200.jpg 300w, https:\/\/strojarstvo-branilovic.hr\/wp-content\/uploads\/2023\/09\/o-nama-02-768x513.jpg 768w, https:\/\/strojarstvo-branilovic.hr\/wp-content\/uploads\/2023\/09\/o-nama-02-1536x1025.jpg 1536w, https:\/\/strojarstvo-branilovic.hr\/wp-content\/uploads\/2023\/09\/o-nama-02.jpg 1920w\" sizes=\"(max-width: 1024px) 100vw, 1024px\" \/>\t\t\t\t\t\t\t\t\t\t\t\t\t\t\t<\/div>\n\t\t\t\t<\/div>\n\t\t\t\t\t<\/div>\n\t\t<\/div>\n\t\t\t\t\t<\/div>\n\t\t<\/section>\n\t\t\t\t<section class=\"elementor-section elementor-top-section elementor-element elementor-element-bb72763 elementor-section-boxed elementor-section-height-default elementor-section-height-default qodef-elementor-content-no\" data-id=\"bb72763\" data-element_type=\"section\" data-e-type=\"section\" id=\"about-full-text\">\n\t\t\t\t\t\t<div class=\"elementor-container elementor-column-gap-default\">\n\t\t\t\t\t<div class=\"elementor-column elementor-col-100 elementor-top-column elementor-element elementor-element-2b29646\" data-id=\"2b29646\" data-element_type=\"column\" data-e-type=\"column\">\n\t\t\t<div class=\"elementor-widget-wrap elementor-element-populated\">\n\t\t\t\t\t\t<div class=\"elementor-element elementor-element-fe23c2d elementor-widget elementor-widget-text-editor\" data-id=\"fe23c2d\" data-element_type=\"widget\" data-e-type=\"widget\" data-widget_type=\"text-editor.default\">\n\t\t\t\t<div class=\"elementor-widget-container\">\n\t\t\t\t\t\t\t\t\t<p>Investitionen in die Produkt- und Dienstleistungsqualit\u00e4t sowie Diversifikation in neue Produktionsprogramme sind Schl\u00fcsselelemente unserer Gesch\u00e4ftspolitik seit der Gr\u00fcndung. Das resultierte mit Zertifizierung des Qualit\u00e4tsmanagementsystems gem\u00e4\u00df ISO 9001:2015 und ISO 14001:2015. Dadurch wurde nicht nur die organisatorische Effizienz, Qualit\u00e4t und Zuverl\u00e4ssigkeit von unseren Produkten und Dienstleistungen verbessert, sondern auch die Umweltverschmutzung reduziert.<\/p>\n<p>Dank ihrer langj\u00e4hrigen Erfahrung, Engagement, Flexibilit\u00e4t und kontinuierlicher Fortbildung sind gerade unsere Mitarbeiter der wichtigste Faktor f\u00fcr die Langlebigkeit des Unternehmens auf dem Markt. Im Laufe der Jahre haben wir starke Partnerschaften und Zusammenarbeit mit zuverl\u00e4ssigen Lieferanten aufgebaut, was uns eine schnelle Anpassung an neue Anforderungen unserer Kunden erm\u00f6glicht.<\/p>\t\t\t\t\t\t\t\t<\/div>\n\t\t\t\t<\/div>\n\t\t\t\t\t<\/div>\n\t\t<\/div>\n\t\t\t\t\t<\/div>\n\t\t<\/section>\n\t\t\t\t<section class=\"elementor-section elementor-top-section elementor-element elementor-element-071839a elementor-section-boxed elementor-section-height-default elementor-section-height-default qodef-elementor-content-no\" data-id=\"071839a\" data-element_type=\"section\" data-e-type=\"section\">\n\t\t\t\t\t\t<div class=\"elementor-container elementor-column-gap-default\">\n\t\t\t\t\t<div class=\"elementor-column elementor-col-100 elementor-top-column elementor-element elementor-element-6b51498\" data-id=\"6b51498\" data-element_type=\"column\" data-e-type=\"column\">\n\t\t\t<div class=\"elementor-widget-wrap elementor-element-populated\">\n\t\t\t\t\t\t<div class=\"elementor-element elementor-element-69966c0 elementor-widget elementor-widget-image\" data-id=\"69966c0\" data-element_type=\"widget\" data-e-type=\"widget\" data-widget_type=\"image.default\">\n\t\t\t\t<div class=\"elementor-widget-container\">\n\t\t\t\t\t\t\t\t\t\t\t\t\t\t\t<img decoding=\"async\" width=\"1024\" height=\"683\" src=\"https:\/\/strojarstvo-branilovic.hr\/wp-content\/uploads\/2023\/09\/o-nama-03-1024x683.jpg\" class=\"attachment-large size-large wp-image-7454\" alt=\"\" srcset=\"https:\/\/strojarstvo-branilovic.hr\/wp-content\/uploads\/2023\/09\/o-nama-03-1024x683.jpg 1024w, https:\/\/strojarstvo-branilovic.hr\/wp-content\/uploads\/2023\/09\/o-nama-03-300x200.jpg 300w, https:\/\/strojarstvo-branilovic.hr\/wp-content\/uploads\/2023\/09\/o-nama-03-768x513.jpg 768w, https:\/\/strojarstvo-branilovic.hr\/wp-content\/uploads\/2023\/09\/o-nama-03-1536x1025.jpg 1536w, https:\/\/strojarstvo-branilovic.hr\/wp-content\/uploads\/2023\/09\/o-nama-03.jpg 1920w\" sizes=\"(max-width: 1024px) 100vw, 1024px\" \/>\t\t\t\t\t\t\t\t\t\t\t\t\t\t\t<\/div>\n\t\t\t\t<\/div>\n\t\t\t\t\t<\/div>\n\t\t<\/div>\n\t\t\t\t\t<\/div>\n\t\t<\/section>\n\t\t\t\t<section class=\"elementor-section elementor-top-section elementor-element elementor-element-e4d0041 elementor-section-boxed elementor-section-height-default elementor-section-height-default qodef-elementor-content-no\" data-id=\"e4d0041\" data-element_type=\"section\" data-e-type=\"section\">\n\t\t\t\t\t\t<div class=\"elementor-container elementor-column-gap-default\">\n\t\t\t\t\t<div class=\"elementor-column elementor-col-100 elementor-top-column elementor-element elementor-element-04f7de8\" data-id=\"04f7de8\" data-element_type=\"column\" data-e-type=\"column\">\n\t\t\t<div class=\"elementor-widget-wrap elementor-element-populated\">\n\t\t\t\t\t\t<div class=\"elementor-element elementor-element-7896f33 elementor-widget elementor-widget-text-editor\" data-id=\"7896f33\" data-element_type=\"widget\" data-e-type=\"widget\" data-widget_type=\"text-editor.default\">\n\t\t\t\t<div class=\"elementor-widget-container\">\n\t\t\t\t\t\t\t\t\t<h3>Unsere Vision<\/h3>\n<p>Unsere Vision ist ein Unternehmen zu werden, das f\u00fcr hochwertige Produkte und zufriedene Kunden bekannt ist. Wir m\u00f6chten ein kontinuierliches wirtschaftliches Wachstum erzielen, das auf einem ausgezeichneten Produktionsprogramm von Metallprodukten basiert. Au\u00dferdem m\u00f6chten wir auch Dienstleistungen unseres eigenen Maschinenparks anbieten, wie z.B. Laserschneiden, Stanzen, Kunststoffbeschichtung, CNC-Biegen, CNC-Fr\u00e4sen und \u00e4hnlich.<\/p>\n<h3>Unsere Mission<\/h3>\n<p>Mit einem qualitativ hochwertigen und innovativen Produktionsprogramm zu erschwinglichen Preisen und einer stabilen Gesch\u00e4ftspolitik, die sich an Prinzipien der Nachhaltigkeit h\u00e4lt, streben wir danach, ein ausgezeichneter Partner f\u00fcr alle Benutzer unserer Produkte zu sein.<\/p>\n<h3>Unser Ziel<\/h3>\n<p>Es ist unser Ziel, auf dem Markt als strategischer Partner f\u00fcr Industriehersteller von Metallprodukten erkannt zu werden, indem wir hochwertige Produkte und Dienstleistungen anbieten, die den anspruchsvollsten Standards in allen Phasen des Produktionsprozesses gerecht werden,<\/p>\n<p>Zufriedenheit unserer Kunden gem\u00e4\u00df geltenden Normen und berufsethischen Grunds\u00e4tzen halten wir f\u00fcr die beste Belohnung unserer Gesch\u00e4ftst\u00e4tigkeiten, Deshalb arbeiten wir st\u00e4ndig daran, die neuesten Technologien anzuwenden, um Effizienz in allen Aspekten unserer Gesch\u00e4ftst\u00e4tigkeit zu steigern.<\/p>\t\t\t\t\t\t\t\t<\/div>\n\t\t\t\t<\/div>\n\t\t\t\t\t<\/div>\n\t\t<\/div>\n\t\t\t\t\t<\/div>\n\t\t<\/section>\n\t\t\t\t<\/div>\n\t\t","protected":false},"excerpt":{"rendered":"<p>Die Geschichte unseres Unternehmens geht auf das Jahr 1990 zur\u00fcck, als es der Eigent\u00fcmer Dragutin Branilovi\u0107 als Handwerkbetrieb gr\u00fcndete. Seitdem haben wir uns dank st\u00e4ndigen Wachstums und Entwicklung zu einem etablierten Mittelstandsunternehmen entwickelt. Im Jahr 2012 ist aus dem Handwerksbetrieb eine juristische Person geworden, die all die Jahre unter dem heutigen Namen im Handelsregister \u201eStrojarstvo [&hellip;]<\/p>\n","protected":false},"author":1,"featured_media":8470,"parent":0,"menu_order":7,"comment_status":"closed","ping_status":"closed","template":"","meta":{"_acf_changed":false,"footnotes":""},"class_list":["post-8534","page","type-page","status-publish","has-post-thumbnail","hentry"],"acf":[],"yoast_head":"<!-- This site is optimized with the Yoast SEO plugin v27.3 - https:\/\/yoast.com\/product\/yoast-seo-wordpress\/ -->\n<title>\u00dcber uns - Strojarstvo Branilovi\u0107<\/title>\n<meta name=\"robots\" content=\"index, follow, max-snippet:-1, max-image-preview:large, max-video-preview:-1\" \/>\n<link rel=\"canonical\" href=\"https:\/\/strojarstvo-branilovic.hr\/de\/uber-uns\/\" \/>\n<meta property=\"og:locale\" content=\"de_DE\" \/>\n<meta property=\"og:type\" content=\"article\" \/>\n<meta property=\"og:title\" content=\"\u00dcber uns - Strojarstvo Branilovi\u0107\" \/>\n<meta property=\"og:description\" content=\"Die Geschichte unseres Unternehmens geht auf das Jahr 1990 zur\u00fcck, als es der Eigent\u00fcmer Dragutin Branilovi\u0107 als Handwerkbetrieb gr\u00fcndete. Seitdem haben wir uns dank st\u00e4ndigen Wachstums und Entwicklung zu einem etablierten Mittelstandsunternehmen entwickelt. Im Jahr 2012 ist aus dem Handwerksbetrieb eine juristische Person geworden, die all die Jahre unter dem heutigen Namen im Handelsregister \u201eStrojarstvo [&hellip;]\" \/>\n<meta property=\"og:url\" content=\"https:\/\/strojarstvo-branilovic.hr\/de\/uber-uns\/\" \/>\n<meta property=\"og:site_name\" content=\"Strojarstvo Branilovi\u0107\" \/>\n<meta property=\"article:modified_time\" content=\"2023-11-29T08:32:59+00:00\" \/>\n<meta property=\"og:image\" content=\"https:\/\/strojarstvo-branilovic.hr\/wp-content\/uploads\/2021\/12\/NASLOVNA-NA-LINKU-O-NAMA.jpg\" \/>\n\t<meta property=\"og:image:width\" content=\"2000\" \/>\n\t<meta property=\"og:image:height\" content=\"1027\" \/>\n\t<meta property=\"og:image:type\" content=\"image\/jpeg\" \/>\n<meta name=\"twitter:card\" content=\"summary_large_image\" \/>\n<script type=\"application\/ld+json\" class=\"yoast-schema-graph\">{\"@context\":\"https:\\\/\\\/schema.org\",\"@graph\":[{\"@type\":\"WebPage\",\"@id\":\"https:\\\/\\\/strojarstvo-branilovic.hr\\\/de\\\/uber-uns\\\/\",\"url\":\"https:\\\/\\\/strojarstvo-branilovic.hr\\\/de\\\/uber-uns\\\/\",\"name\":\"\u00dcber uns - Strojarstvo Branilovi\u0107\",\"isPartOf\":{\"@id\":\"https:\\\/\\\/strojarstvo-branilovic.hr\\\/de\\\/#website\"},\"primaryImageOfPage\":{\"@id\":\"https:\\\/\\\/strojarstvo-branilovic.hr\\\/de\\\/uber-uns\\\/#primaryimage\"},\"image\":{\"@id\":\"https:\\\/\\\/strojarstvo-branilovic.hr\\\/de\\\/uber-uns\\\/#primaryimage\"},\"thumbnailUrl\":\"https:\\\/\\\/strojarstvo-branilovic.hr\\\/wp-content\\\/uploads\\\/2021\\\/12\\\/NASLOVNA-NA-LINKU-O-NAMA.jpg\",\"datePublished\":\"2021-03-26T08:34:10+00:00\",\"dateModified\":\"2023-11-29T08:32:59+00:00\",\"breadcrumb\":{\"@id\":\"https:\\\/\\\/strojarstvo-branilovic.hr\\\/de\\\/uber-uns\\\/#breadcrumb\"},\"inLanguage\":\"de\",\"potentialAction\":[{\"@type\":\"ReadAction\",\"target\":[\"https:\\\/\\\/strojarstvo-branilovic.hr\\\/de\\\/uber-uns\\\/\"]}]},{\"@type\":\"ImageObject\",\"inLanguage\":\"de\",\"@id\":\"https:\\\/\\\/strojarstvo-branilovic.hr\\\/de\\\/uber-uns\\\/#primaryimage\",\"url\":\"https:\\\/\\\/strojarstvo-branilovic.hr\\\/wp-content\\\/uploads\\\/2021\\\/12\\\/NASLOVNA-NA-LINKU-O-NAMA.jpg\",\"contentUrl\":\"https:\\\/\\\/strojarstvo-branilovic.hr\\\/wp-content\\\/uploads\\\/2021\\\/12\\\/NASLOVNA-NA-LINKU-O-NAMA.jpg\",\"width\":2000,\"height\":1027},{\"@type\":\"BreadcrumbList\",\"@id\":\"https:\\\/\\\/strojarstvo-branilovic.hr\\\/de\\\/uber-uns\\\/#breadcrumb\",\"itemListElement\":[{\"@type\":\"ListItem\",\"position\":1,\"name\":\"Po\u010detna stranica\",\"item\":\"https:\\\/\\\/strojarstvo-branilovic.hr\\\/de\\\/\"},{\"@type\":\"ListItem\",\"position\":2,\"name\":\"\u00dcber uns\"}]},{\"@type\":\"WebSite\",\"@id\":\"https:\\\/\\\/strojarstvo-branilovic.hr\\\/de\\\/#website\",\"url\":\"https:\\\/\\\/strojarstvo-branilovic.hr\\\/de\\\/\",\"name\":\"Strojarstvo Branilovi\u0107\",\"description\":\"\",\"publisher\":{\"@id\":\"https:\\\/\\\/strojarstvo-branilovic.hr\\\/de\\\/#organization\"},\"potentialAction\":[{\"@type\":\"SearchAction\",\"target\":{\"@type\":\"EntryPoint\",\"urlTemplate\":\"https:\\\/\\\/strojarstvo-branilovic.hr\\\/de\\\/?s={search_term_string}\"},\"query-input\":{\"@type\":\"PropertyValueSpecification\",\"valueRequired\":true,\"valueName\":\"search_term_string\"}}],\"inLanguage\":\"de\"},{\"@type\":\"Organization\",\"@id\":\"https:\\\/\\\/strojarstvo-branilovic.hr\\\/de\\\/#organization\",\"name\":\"Strojarstvo Branilovi\u0107\",\"url\":\"https:\\\/\\\/strojarstvo-branilovic.hr\\\/de\\\/\",\"logo\":{\"@type\":\"ImageObject\",\"inLanguage\":\"de\",\"@id\":\"https:\\\/\\\/strojarstvo-branilovic.hr\\\/de\\\/#\\\/schema\\\/logo\\\/image\\\/\",\"url\":\"https:\\\/\\\/strojarstvo-branilovic.hr\\\/wp-content\\\/uploads\\\/2021\\\/12\\\/logo.png\",\"contentUrl\":\"https:\\\/\\\/strojarstvo-branilovic.hr\\\/wp-content\\\/uploads\\\/2021\\\/12\\\/logo.png\",\"width\":558,\"height\":371,\"caption\":\"Strojarstvo Branilovi\u0107\"},\"image\":{\"@id\":\"https:\\\/\\\/strojarstvo-branilovic.hr\\\/de\\\/#\\\/schema\\\/logo\\\/image\\\/\"}}]}<\/script>\n<!-- \/ Yoast SEO plugin. -->","yoast_head_json":{"title":"\u00dcber uns - Strojarstvo Branilovi\u0107","robots":{"index":"index","follow":"follow","max-snippet":"max-snippet:-1","max-image-preview":"max-image-preview:large","max-video-preview":"max-video-preview:-1"},"canonical":"https:\/\/strojarstvo-branilovic.hr\/de\/uber-uns\/","og_locale":"de_DE","og_type":"article","og_title":"\u00dcber uns - Strojarstvo Branilovi\u0107","og_description":"Die Geschichte unseres Unternehmens geht auf das Jahr 1990 zur\u00fcck, als es der Eigent\u00fcmer Dragutin Branilovi\u0107 als Handwerkbetrieb gr\u00fcndete. Seitdem haben wir uns dank st\u00e4ndigen Wachstums und Entwicklung zu einem etablierten Mittelstandsunternehmen entwickelt. Im Jahr 2012 ist aus dem Handwerksbetrieb eine juristische Person geworden, die all die Jahre unter dem heutigen Namen im Handelsregister \u201eStrojarstvo [&hellip;]","og_url":"https:\/\/strojarstvo-branilovic.hr\/de\/uber-uns\/","og_site_name":"Strojarstvo Branilovi\u0107","article_modified_time":"2023-11-29T08:32:59+00:00","og_image":[{"width":2000,"height":1027,"url":"https:\/\/strojarstvo-branilovic.hr\/wp-content\/uploads\/2021\/12\/NASLOVNA-NA-LINKU-O-NAMA.jpg","type":"image\/jpeg"}],"twitter_card":"summary_large_image","schema":{"@context":"https:\/\/schema.org","@graph":[{"@type":"WebPage","@id":"https:\/\/strojarstvo-branilovic.hr\/de\/uber-uns\/","url":"https:\/\/strojarstvo-branilovic.hr\/de\/uber-uns\/","name":"\u00dcber uns - Strojarstvo Branilovi\u0107","isPartOf":{"@id":"https:\/\/strojarstvo-branilovic.hr\/de\/#website"},"primaryImageOfPage":{"@id":"https:\/\/strojarstvo-branilovic.hr\/de\/uber-uns\/#primaryimage"},"image":{"@id":"https:\/\/strojarstvo-branilovic.hr\/de\/uber-uns\/#primaryimage"},"thumbnailUrl":"https:\/\/strojarstvo-branilovic.hr\/wp-content\/uploads\/2021\/12\/NASLOVNA-NA-LINKU-O-NAMA.jpg","datePublished":"2021-03-26T08:34:10+00:00","dateModified":"2023-11-29T08:32:59+00:00","breadcrumb":{"@id":"https:\/\/strojarstvo-branilovic.hr\/de\/uber-uns\/#breadcrumb"},"inLanguage":"de","potentialAction":[{"@type":"ReadAction","target":["https:\/\/strojarstvo-branilovic.hr\/de\/uber-uns\/"]}]},{"@type":"ImageObject","inLanguage":"de","@id":"https:\/\/strojarstvo-branilovic.hr\/de\/uber-uns\/#primaryimage","url":"https:\/\/strojarstvo-branilovic.hr\/wp-content\/uploads\/2021\/12\/NASLOVNA-NA-LINKU-O-NAMA.jpg","contentUrl":"https:\/\/strojarstvo-branilovic.hr\/wp-content\/uploads\/2021\/12\/NASLOVNA-NA-LINKU-O-NAMA.jpg","width":2000,"height":1027},{"@type":"BreadcrumbList","@id":"https:\/\/strojarstvo-branilovic.hr\/de\/uber-uns\/#breadcrumb","itemListElement":[{"@type":"ListItem","position":1,"name":"Po\u010detna stranica","item":"https:\/\/strojarstvo-branilovic.hr\/de\/"},{"@type":"ListItem","position":2,"name":"\u00dcber uns"}]},{"@type":"WebSite","@id":"https:\/\/strojarstvo-branilovic.hr\/de\/#website","url":"https:\/\/strojarstvo-branilovic.hr\/de\/","name":"Strojarstvo Branilovi\u0107","description":"","publisher":{"@id":"https:\/\/strojarstvo-branilovic.hr\/de\/#organization"},"potentialAction":[{"@type":"SearchAction","target":{"@type":"EntryPoint","urlTemplate":"https:\/\/strojarstvo-branilovic.hr\/de\/?s={search_term_string}"},"query-input":{"@type":"PropertyValueSpecification","valueRequired":true,"valueName":"search_term_string"}}],"inLanguage":"de"},{"@type":"Organization","@id":"https:\/\/strojarstvo-branilovic.hr\/de\/#organization","name":"Strojarstvo Branilovi\u0107","url":"https:\/\/strojarstvo-branilovic.hr\/de\/","logo":{"@type":"ImageObject","inLanguage":"de","@id":"https:\/\/strojarstvo-branilovic.hr\/de\/#\/schema\/logo\/image\/","url":"https:\/\/strojarstvo-branilovic.hr\/wp-content\/uploads\/2021\/12\/logo.png","contentUrl":"https:\/\/strojarstvo-branilovic.hr\/wp-content\/uploads\/2021\/12\/logo.png","width":558,"height":371,"caption":"Strojarstvo Branilovi\u0107"},"image":{"@id":"https:\/\/strojarstvo-branilovic.hr\/de\/#\/schema\/logo\/image\/"}}]}},"_links":{"self":[{"href":"https:\/\/strojarstvo-branilovic.hr\/de\/wp-json\/wp\/v2\/pages\/8534","targetHints":{"allow":["GET"]}}],"collection":[{"href":"https:\/\/strojarstvo-branilovic.hr\/de\/wp-json\/wp\/v2\/pages"}],"about":[{"href":"https:\/\/strojarstvo-branilovic.hr\/de\/wp-json\/wp\/v2\/types\/page"}],"author":[{"embeddable":true,"href":"https:\/\/strojarstvo-branilovic.hr\/de\/wp-json\/wp\/v2\/users\/1"}],"replies":[{"embeddable":true,"href":"https:\/\/strojarstvo-branilovic.hr\/de\/wp-json\/wp\/v2\/comments?post=8534"}],"version-history":[{"count":4,"href":"https:\/\/strojarstvo-branilovic.hr\/de\/wp-json\/wp\/v2\/pages\/8534\/revisions"}],"predecessor-version":[{"id":8539,"href":"https:\/\/strojarstvo-branilovic.hr\/de\/wp-json\/wp\/v2\/pages\/8534\/revisions\/8539"}],"wp:featuredmedia":[{"embeddable":true,"href":"https:\/\/strojarstvo-branilovic.hr\/de\/wp-json\/wp\/v2\/media\/8470"}],"wp:attachment":[{"href":"https:\/\/strojarstvo-branilovic.hr\/de\/wp-json\/wp\/v2\/media?parent=8534"}],"curies":[{"name":"wp","href":"https:\/\/api.w.org\/{rel}","templated":true}]}}