{"id":8488,"date":"2023-04-18T08:18:26","date_gmt":"2023-04-18T06:18:26","guid":{"rendered":"https:\/\/strojarstvo-branilovic.hr\/karijera\/"},"modified":"2023-12-14T13:21:13","modified_gmt":"2023-12-14T12:21:13","slug":"karijera","status":"publish","type":"page","link":"https:\/\/strojarstvo-branilovic.hr\/de\/karriere\/","title":{"rendered":"Karriere"},"content":{"rendered":"\t\t<div data-elementor-type=\"wp-page\" data-elementor-id=\"8488\" class=\"elementor elementor-8488 elementor-6886\">\n\t\t\t\t\t\t<section class=\"elementor-section elementor-top-section elementor-element elementor-element-f5d897b elementor-section-boxed elementor-section-height-default elementor-section-height-default qodef-elementor-content-no\" data-id=\"f5d897b\" data-element_type=\"section\" data-e-type=\"section\">\n\t\t\t\t\t\t<div class=\"elementor-container elementor-column-gap-default\">\n\t\t\t\t\t<div class=\"elementor-column elementor-col-100 elementor-top-column elementor-element elementor-element-35b1842\" data-id=\"35b1842\" data-element_type=\"column\" data-e-type=\"column\">\n\t\t\t<div class=\"elementor-widget-wrap elementor-element-populated\">\n\t\t\t\t\t\t<div class=\"elementor-element elementor-element-20fe55c jc-icons-normal-size elementor-widget elementor-widget-text-editor\" data-id=\"20fe55c\" data-element_type=\"widget\" data-e-type=\"widget\" data-widget_type=\"text-editor.default\">\n\t\t\t\t<div class=\"elementor-widget-container\">\n\t\t\t\t\t\t\t\t\t<h4>SCHLIESSEN SIE SICH UNSEREM TEAM AN<\/h4>\n<p>Wenn Sie der Meinung sind, Sie erf\u00fcllen die Voraussetzungen f\u00fcr aktuelle Stelle, die Ihren W\u00fcnschen entspricht, schicken Sie uns unbedingt Ihren Lebenslauf.<\/p>\n<p>\n<span class=\"elementor-icon-wrapper\">\n\t\t\t<span class=\"elementor-icon\">\n\t\t\t<i aria-hidden=\"true\" class=\"fas fa-envelope\"><\/i>\t\t\t<\/span>\n\t\t<\/span>\n\n <a href=\"mailto:strojarstvo-branilovic@ck.t-com.hr\">strojarstvo-branilovic@ck.t-com.hr<\/a><\/p>\n<p><strong>UNSERE STELLENANGEBOTE<\/strong><\/p>\n<p>\n\n    \t\t<h3 id=\"\"><\/h3>\n            \t\t<h3 id=\"\"><\/h3>\n            \t\t<h3 id=\"schlosser-in\"><\/h3>\n            \t\t<h3 id=\"lackierer-in\">Arbeitsstelle: LACKIERER\/IN<\/h3>\n        <p>Beschreibung: Eigenst\u00e4ndiges Lackieren von Metallteilen<br \/>\nBesch\u00e4ftigungsart: befristet, unbefristete Anstellung m\u00f6glich<br \/>\nAnzahl der Mitarbeiter: 1<br \/>\nAusbildung: Berufsschule 3 Jahre; Berufsschule 4 Jahre<br \/>\nErforderliche Berufserfahrung: 24 Monate<br \/>\nEinreichung von Bewerbung: pers\u00f6nlich: Strojarstvo Branilovi\u0107 d.o.o., Neumannova 1, 40 000 \u010cakovec<br \/>\n\n<span class=\"elementor-icon-wrapper\">\n\t\t\t<span class=\"elementor-icon\">\n\t\t\t<i aria-hidden=\"true\" class=\"fas fa-envelope\"><\/i>\t\t\t<\/span>\n\t\t<\/span>\n\n Bewerbung per E-Mail: <a href=\"mailto:strojarstvo-branilovic%C2%A9ck.t-com.hr\">strojarstvo-branilovic\u00a9ck.t-com.hr<\/a><\/p>\n    \t\t<h3 id=\"schweisser-in\">Arbeitsstelle: SCHWEISSER\/IN<\/h3>\n        <p>Beschreibung: TIG\/MIG\/MAG-Schwei\u00dfen, Kenntnisse von Werkstattzeichnungen<br \/>\nBesch\u00e4ftigungsart: befristet, unbefristete Anstellung m\u00f6glich<br \/>\nAnzahl der Mitarbeiter: 2<br \/>\nAusbildung: Berufsschule 3 Jahre; Berufsschule 4 Jahre<br \/>\nErforderliche Berufserfahrung: 24 Monate<br \/>\nEinreichung von Bewerbung: pers\u00f6nlich: Strojarstvo Branilovi\u0107 d.o.o., Neumannova 1, 40 000 \u010cakovec<br \/>\n\n<span class=\"elementor-icon-wrapper\">\n\t\t\t<span class=\"elementor-icon\">\n\t\t\t<i aria-hidden=\"true\" class=\"fas fa-envelope\"><\/i>\t\t\t<\/span>\n\t\t<\/span>\n\n Bewerbung per E-Mail: <a href=\"mailto:strojarstvo-branilovic%C2%A9ck.t-com.hr\">strojarstvo-branilovic\u00a9ck.t-com.hr<\/a><\/p>\n    \n<\/p>\t\t\t\t\t\t\t\t<\/div>\n\t\t\t\t<\/div>\n\t\t\t\t\t<\/div>\n\t\t<\/div>\n\t\t\t\t\t<\/div>\n\t\t<\/section>\n\t\t\t\t<\/div>\n\t\t","protected":false},"excerpt":{"rendered":"<p>SCHLIESSEN SIE SICH UNSEREM TEAM AN Wenn Sie der Meinung sind, Sie erf\u00fcllen die Voraussetzungen f\u00fcr aktuelle Stelle, die Ihren W\u00fcnschen entspricht, schicken Sie uns unbedingt Ihren Lebenslauf. strojarstvo-branilovic@ck.t-com.hr UNSERE STELLENANGEBOTE<\/p>\n","protected":false},"author":1,"featured_media":0,"parent":0,"menu_order":23,"comment_status":"closed","ping_status":"closed","template":"","meta":{"_acf_changed":false,"footnotes":""},"class_list":["post-8488","page","type-page","status-publish","hentry"],"acf":[],"yoast_head":"<!-- This site is optimized with the Yoast SEO plugin v27.3 - https:\/\/yoast.com\/product\/yoast-seo-wordpress\/ -->\n<title>Karriere - Strojarstvo Branilovi\u0107<\/title>\n<meta name=\"robots\" content=\"index, follow, max-snippet:-1, max-image-preview:large, max-video-preview:-1\" \/>\n<link rel=\"canonical\" href=\"https:\/\/strojarstvo-branilovic.hr\/de\/karriere\/\" \/>\n<meta property=\"og:locale\" content=\"de_DE\" \/>\n<meta property=\"og:type\" content=\"article\" \/>\n<meta property=\"og:title\" content=\"Karriere - Strojarstvo Branilovi\u0107\" \/>\n<meta property=\"og:description\" content=\"SCHLIESSEN SIE SICH UNSEREM TEAM AN Wenn Sie der Meinung sind, Sie erf\u00fcllen die Voraussetzungen f\u00fcr aktuelle Stelle, die Ihren W\u00fcnschen entspricht, schicken Sie uns unbedingt Ihren Lebenslauf. strojarstvo-branilovic@ck.t-com.hr UNSERE STELLENANGEBOTE\" \/>\n<meta property=\"og:url\" content=\"https:\/\/strojarstvo-branilovic.hr\/de\/karriere\/\" \/>\n<meta property=\"og:site_name\" content=\"Strojarstvo Branilovi\u0107\" \/>\n<meta property=\"article:modified_time\" content=\"2023-12-14T12:21:13+00:00\" \/>\n<meta property=\"og:image\" content=\"https:\/\/strojarstvo-branilovic.hr\/wp-content\/uploads\/2023\/09\/o-nama-01.jpg\" \/>\n\t<meta property=\"og:image:width\" content=\"1920\" \/>\n\t<meta property=\"og:image:height\" content=\"1215\" \/>\n\t<meta property=\"og:image:type\" content=\"image\/jpeg\" \/>\n<meta name=\"twitter:card\" content=\"summary_large_image\" \/>\n<script type=\"application\/ld+json\" class=\"yoast-schema-graph\">{\"@context\":\"https:\\\/\\\/schema.org\",\"@graph\":[{\"@type\":\"WebPage\",\"@id\":\"https:\\\/\\\/strojarstvo-branilovic.hr\\\/de\\\/karriere\\\/\",\"url\":\"https:\\\/\\\/strojarstvo-branilovic.hr\\\/de\\\/karriere\\\/\",\"name\":\"Karriere - Strojarstvo Branilovi\u0107\",\"isPartOf\":{\"@id\":\"https:\\\/\\\/strojarstvo-branilovic.hr\\\/de\\\/#website\"},\"datePublished\":\"2023-04-18T06:18:26+00:00\",\"dateModified\":\"2023-12-14T12:21:13+00:00\",\"breadcrumb\":{\"@id\":\"https:\\\/\\\/strojarstvo-branilovic.hr\\\/de\\\/karriere\\\/#breadcrumb\"},\"inLanguage\":\"de\",\"potentialAction\":[{\"@type\":\"ReadAction\",\"target\":[\"https:\\\/\\\/strojarstvo-branilovic.hr\\\/de\\\/karriere\\\/\"]}]},{\"@type\":\"BreadcrumbList\",\"@id\":\"https:\\\/\\\/strojarstvo-branilovic.hr\\\/de\\\/karriere\\\/#breadcrumb\",\"itemListElement\":[{\"@type\":\"ListItem\",\"position\":1,\"name\":\"Po\u010detna stranica\",\"item\":\"https:\\\/\\\/strojarstvo-branilovic.hr\\\/de\\\/\"},{\"@type\":\"ListItem\",\"position\":2,\"name\":\"Karriere\"}]},{\"@type\":\"WebSite\",\"@id\":\"https:\\\/\\\/strojarstvo-branilovic.hr\\\/de\\\/#website\",\"url\":\"https:\\\/\\\/strojarstvo-branilovic.hr\\\/de\\\/\",\"name\":\"Strojarstvo Branilovi\u0107\",\"description\":\"\",\"publisher\":{\"@id\":\"https:\\\/\\\/strojarstvo-branilovic.hr\\\/de\\\/#organization\"},\"potentialAction\":[{\"@type\":\"SearchAction\",\"target\":{\"@type\":\"EntryPoint\",\"urlTemplate\":\"https:\\\/\\\/strojarstvo-branilovic.hr\\\/de\\\/?s={search_term_string}\"},\"query-input\":{\"@type\":\"PropertyValueSpecification\",\"valueRequired\":true,\"valueName\":\"search_term_string\"}}],\"inLanguage\":\"de\"},{\"@type\":\"Organization\",\"@id\":\"https:\\\/\\\/strojarstvo-branilovic.hr\\\/de\\\/#organization\",\"name\":\"Strojarstvo Branilovi\u0107\",\"url\":\"https:\\\/\\\/strojarstvo-branilovic.hr\\\/de\\\/\",\"logo\":{\"@type\":\"ImageObject\",\"inLanguage\":\"de\",\"@id\":\"https:\\\/\\\/strojarstvo-branilovic.hr\\\/de\\\/#\\\/schema\\\/logo\\\/image\\\/\",\"url\":\"https:\\\/\\\/strojarstvo-branilovic.hr\\\/wp-content\\\/uploads\\\/2021\\\/12\\\/logo.png\",\"contentUrl\":\"https:\\\/\\\/strojarstvo-branilovic.hr\\\/wp-content\\\/uploads\\\/2021\\\/12\\\/logo.png\",\"width\":558,\"height\":371,\"caption\":\"Strojarstvo Branilovi\u0107\"},\"image\":{\"@id\":\"https:\\\/\\\/strojarstvo-branilovic.hr\\\/de\\\/#\\\/schema\\\/logo\\\/image\\\/\"}}]}<\/script>\n<!-- \/ Yoast SEO plugin. -->","yoast_head_json":{"title":"Karriere - Strojarstvo Branilovi\u0107","robots":{"index":"index","follow":"follow","max-snippet":"max-snippet:-1","max-image-preview":"max-image-preview:large","max-video-preview":"max-video-preview:-1"},"canonical":"https:\/\/strojarstvo-branilovic.hr\/de\/karriere\/","og_locale":"de_DE","og_type":"article","og_title":"Karriere - Strojarstvo Branilovi\u0107","og_description":"SCHLIESSEN SIE SICH UNSEREM TEAM AN Wenn Sie der Meinung sind, Sie erf\u00fcllen die Voraussetzungen f\u00fcr aktuelle Stelle, die Ihren W\u00fcnschen entspricht, schicken Sie uns unbedingt Ihren Lebenslauf. strojarstvo-branilovic@ck.t-com.hr UNSERE STELLENANGEBOTE","og_url":"https:\/\/strojarstvo-branilovic.hr\/de\/karriere\/","og_site_name":"Strojarstvo Branilovi\u0107","article_modified_time":"2023-12-14T12:21:13+00:00","og_image":[{"width":1920,"height":1215,"url":"https:\/\/strojarstvo-branilovic.hr\/wp-content\/uploads\/2023\/09\/o-nama-01.jpg","type":"image\/jpeg"}],"twitter_card":"summary_large_image","schema":{"@context":"https:\/\/schema.org","@graph":[{"@type":"WebPage","@id":"https:\/\/strojarstvo-branilovic.hr\/de\/karriere\/","url":"https:\/\/strojarstvo-branilovic.hr\/de\/karriere\/","name":"Karriere - Strojarstvo Branilovi\u0107","isPartOf":{"@id":"https:\/\/strojarstvo-branilovic.hr\/de\/#website"},"datePublished":"2023-04-18T06:18:26+00:00","dateModified":"2023-12-14T12:21:13+00:00","breadcrumb":{"@id":"https:\/\/strojarstvo-branilovic.hr\/de\/karriere\/#breadcrumb"},"inLanguage":"de","potentialAction":[{"@type":"ReadAction","target":["https:\/\/strojarstvo-branilovic.hr\/de\/karriere\/"]}]},{"@type":"BreadcrumbList","@id":"https:\/\/strojarstvo-branilovic.hr\/de\/karriere\/#breadcrumb","itemListElement":[{"@type":"ListItem","position":1,"name":"Po\u010detna stranica","item":"https:\/\/strojarstvo-branilovic.hr\/de\/"},{"@type":"ListItem","position":2,"name":"Karriere"}]},{"@type":"WebSite","@id":"https:\/\/strojarstvo-branilovic.hr\/de\/#website","url":"https:\/\/strojarstvo-branilovic.hr\/de\/","name":"Strojarstvo Branilovi\u0107","description":"","publisher":{"@id":"https:\/\/strojarstvo-branilovic.hr\/de\/#organization"},"potentialAction":[{"@type":"SearchAction","target":{"@type":"EntryPoint","urlTemplate":"https:\/\/strojarstvo-branilovic.hr\/de\/?s={search_term_string}"},"query-input":{"@type":"PropertyValueSpecification","valueRequired":true,"valueName":"search_term_string"}}],"inLanguage":"de"},{"@type":"Organization","@id":"https:\/\/strojarstvo-branilovic.hr\/de\/#organization","name":"Strojarstvo Branilovi\u0107","url":"https:\/\/strojarstvo-branilovic.hr\/de\/","logo":{"@type":"ImageObject","inLanguage":"de","@id":"https:\/\/strojarstvo-branilovic.hr\/de\/#\/schema\/logo\/image\/","url":"https:\/\/strojarstvo-branilovic.hr\/wp-content\/uploads\/2021\/12\/logo.png","contentUrl":"https:\/\/strojarstvo-branilovic.hr\/wp-content\/uploads\/2021\/12\/logo.png","width":558,"height":371,"caption":"Strojarstvo Branilovi\u0107"},"image":{"@id":"https:\/\/strojarstvo-branilovic.hr\/de\/#\/schema\/logo\/image\/"}}]}},"_links":{"self":[{"href":"https:\/\/strojarstvo-branilovic.hr\/de\/wp-json\/wp\/v2\/pages\/8488","targetHints":{"allow":["GET"]}}],"collection":[{"href":"https:\/\/strojarstvo-branilovic.hr\/de\/wp-json\/wp\/v2\/pages"}],"about":[{"href":"https:\/\/strojarstvo-branilovic.hr\/de\/wp-json\/wp\/v2\/types\/page"}],"author":[{"embeddable":true,"href":"https:\/\/strojarstvo-branilovic.hr\/de\/wp-json\/wp\/v2\/users\/1"}],"replies":[{"embeddable":true,"href":"https:\/\/strojarstvo-branilovic.hr\/de\/wp-json\/wp\/v2\/comments?post=8488"}],"version-history":[{"count":6,"href":"https:\/\/strojarstvo-branilovic.hr\/de\/wp-json\/wp\/v2\/pages\/8488\/revisions"}],"predecessor-version":[{"id":8632,"href":"https:\/\/strojarstvo-branilovic.hr\/de\/wp-json\/wp\/v2\/pages\/8488\/revisions\/8632"}],"wp:attachment":[{"href":"https:\/\/strojarstvo-branilovic.hr\/de\/wp-json\/wp\/v2\/media?parent=8488"}],"curies":[{"name":"wp","href":"https:\/\/api.w.org\/{rel}","templated":true}]}}